{"id":70,"date":"2019-12-21T19:23:05","date_gmt":"2019-12-21T18:23:05","guid":{"rendered":"http:\/\/www.halirsch-ahrenshoop.de\/wordpress\/?page_id=70"},"modified":"2023-09-06T13:56:30","modified_gmt":"2023-09-06T11:56:30","slug":"ostwohnung","status":"publish","type":"page","link":"https:\/\/www.halirsch-ahrenshoop.de\/?page_id=70","title":{"rendered":"Ostwohnung"},"content":{"rendered":"\t\t<div data-elementor-type=\"wp-page\" data-elementor-id=\"70\" class=\"elementor elementor-70\">\n\t\t\t\t\t\t<section class=\"elementor-section elementor-top-section elementor-element elementor-element-37f780b elementor-section-boxed elementor-section-height-default elementor-section-height-default\" data-id=\"37f780b\" data-element_type=\"section\" data-e-type=\"section\">\n\t\t\t\t\t\t<div class=\"elementor-container elementor-column-gap-default\">\n\t\t\t\t\t<div class=\"elementor-column elementor-col-100 elementor-top-column elementor-element elementor-element-7dd6b31\" data-id=\"7dd6b31\" data-element_type=\"column\" data-e-type=\"column\">\n\t\t\t<div class=\"elementor-widget-wrap elementor-element-populated\">\n\t\t\t\t\t\t<div class=\"elementor-element elementor-element-1c590eb elementor-widget elementor-widget-spacer\" data-id=\"1c590eb\" data-element_type=\"widget\" data-e-type=\"widget\" data-widget_type=\"spacer.default\">\n\t\t\t\t<div class=\"elementor-widget-container\">\n\t\t\t\t\t\t\t<div class=\"elementor-spacer\">\n\t\t\t<div class=\"elementor-spacer-inner\"><\/div>\n\t\t<\/div>\n\t\t\t\t\t\t<\/div>\n\t\t\t\t<\/div>\n\t\t\t\t<div class=\"elementor-element elementor-element-223b3a6 elementor-widget elementor-widget-heading\" data-id=\"223b3a6\" data-element_type=\"widget\" data-e-type=\"widget\" data-widget_type=\"heading.default\">\n\t\t\t\t<div class=\"elementor-widget-container\">\n\t\t\t\t\t<h1 class=\"elementor-heading-title elementor-size-default\">Ostwohnung<\/h1>\t\t\t\t<\/div>\n\t\t\t\t<\/div>\n\t\t\t\t<div class=\"elementor-element elementor-element-263954d elementor-widget elementor-widget-spacer\" data-id=\"263954d\" data-element_type=\"widget\" data-e-type=\"widget\" data-widget_type=\"spacer.default\">\n\t\t\t\t<div class=\"elementor-widget-container\">\n\t\t\t\t\t\t\t<div class=\"elementor-spacer\">\n\t\t\t<div class=\"elementor-spacer-inner\"><\/div>\n\t\t<\/div>\n\t\t\t\t\t\t<\/div>\n\t\t\t\t<\/div>\n\t\t\t\t\t<\/div>\n\t\t<\/div>\n\t\t\t\t\t<\/div>\n\t\t<\/section>\n\t\t\t\t<section class=\"elementor-section elementor-top-section elementor-element elementor-element-e5b36ec elementor-section-boxed elementor-section-height-default elementor-section-height-default\" data-id=\"e5b36ec\" data-element_type=\"section\" data-e-type=\"section\">\n\t\t\t\t\t\t<div class=\"elementor-container elementor-column-gap-default\">\n\t\t\t\t\t<div class=\"elementor-column elementor-col-50 elementor-top-column elementor-element elementor-element-acd6c8a\" data-id=\"acd6c8a\" data-element_type=\"column\" data-e-type=\"column\">\n\t\t\t<div class=\"elementor-widget-wrap elementor-element-populated\">\n\t\t\t\t\t\t<div class=\"elementor-element elementor-element-0c01a5c elementor-widget elementor-widget-text-editor\" data-id=\"0c01a5c\" data-element_type=\"widget\" data-e-type=\"widget\" data-widget_type=\"text-editor.default\">\n\t\t\t\t<div class=\"elementor-widget-container\">\n\t\t\t\t\t\t\t\t\t<p>&gt; Maisonettewohnung \u00fcber 2 Etagen<\/p>\n<p>&gt; Wohnzimmer mit K\u00fcchen- und Essecke, Boddenblick (EG)<\/p>\n<p>&gt; SAT TV (schwenkbar), kleines Radio, WLAN\n<\/p>\n<p>&nbsp; &nbsp; &nbsp; &gt; K\u00fcchenecke mit Mikrowelle<\/p>\n<p>&nbsp; &nbsp; &nbsp;&nbsp;&nbsp; &gt; Cerankochfeld (2 Platten)<\/p>\n<p>&nbsp; &nbsp; &nbsp;&nbsp;&nbsp; &gt; K\u00fchlschrank (kleines Gefrierfach)<\/p>\n<p>&nbsp; &nbsp; &nbsp;&nbsp;&nbsp; &gt; Kaffeemaschine<\/p>\n<p>&nbsp; &nbsp; &nbsp;&nbsp;&nbsp; &gt; Toaster<\/p>\n<p>&nbsp; &nbsp; &nbsp;&nbsp;&nbsp; &gt; Wasserkocher<\/p>\n<p>&gt; Schlafzimmer f\u00fcr 2 Personen (OG) mit Zustellm\u00f6glichkeit f\u00fcr ein Baby- oder <br><\/p>\n<p>&nbsp;&nbsp; G\u00e4stebett<\/p>\n<p>&gt; Dusche, Waschbecken im Schlafzimmer, WC extra<\/p>\n<p>&gt; Terrasse zusammen mit der Westwohnung (nicht direkt von den Wohnungen <br><\/p>\n<p>&nbsp;&nbsp; zug\u00e4ngig)<\/p>\n<p>&gt; Gr\u00f6\u00dfe: 55 m\u00b2<\/p>\n<p>&gt; Sauna im Souterrain f\u00fcr alle Ferienwohnungen f\u00fcr je 3 Personen<\/p>\t\t\t\t\t\t\t\t<\/div>\n\t\t\t\t<\/div>\n\t\t\t\t\t<\/div>\n\t\t<\/div>\n\t\t\t\t<div class=\"elementor-column elementor-col-50 elementor-top-column elementor-element elementor-element-7154b30\" data-id=\"7154b30\" data-element_type=\"column\" data-e-type=\"column\">\n\t\t\t<div class=\"elementor-widget-wrap elementor-element-populated\">\n\t\t\t\t\t\t<div class=\"elementor-element elementor-element-8fed31a elementor-widget elementor-widget-spacer\" data-id=\"8fed31a\" data-element_type=\"widget\" data-e-type=\"widget\" data-widget_type=\"spacer.default\">\n\t\t\t\t<div class=\"elementor-widget-container\">\n\t\t\t\t\t\t\t<div class=\"elementor-spacer\">\n\t\t\t<div class=\"elementor-spacer-inner\"><\/div>\n\t\t<\/div>\n\t\t\t\t\t\t<\/div>\n\t\t\t\t<\/div>\n\t\t\t\t<div class=\"elementor-element elementor-element-5c6586d elementor-widget elementor-widget-image\" data-id=\"5c6586d\" data-element_type=\"widget\" data-e-type=\"widget\" data-settings=\"{&quot;_animation&quot;:&quot;none&quot;}\" data-widget_type=\"image.default\">\n\t\t\t\t<div class=\"elementor-widget-container\">\n\t\t\t\t\t\t\t\t\t\t\t\t\t\t\t<img fetchpriority=\"high\" decoding=\"async\" width=\"430\" height=\"299\" src=\"https:\/\/www.halirsch-ahrenshoop.de\/wordpress\/wp-content\/uploads\/2019\/12\/ostwohnung_wohnzimmer_gr.jpg\" class=\"attachment-large size-large wp-image-98\" alt=\"\" srcset=\"https:\/\/www.halirsch-ahrenshoop.de\/wordpress\/wp-content\/uploads\/2019\/12\/ostwohnung_wohnzimmer_gr.jpg 430w, https:\/\/www.halirsch-ahrenshoop.de\/wordpress\/wp-content\/uploads\/2019\/12\/ostwohnung_wohnzimmer_gr-300x209.jpg 300w\" sizes=\"(max-width: 430px) 100vw, 430px\" \/>\t\t\t\t\t\t\t\t\t\t\t\t\t\t\t<\/div>\n\t\t\t\t<\/div>\n\t\t\t\t<section class=\"elementor-section elementor-inner-section elementor-element elementor-element-fdb275b elementor-section-boxed elementor-section-height-default elementor-section-height-default\" data-id=\"fdb275b\" data-element_type=\"section\" data-e-type=\"section\">\n\t\t\t\t\t\t<div class=\"elementor-container elementor-column-gap-default\">\n\t\t\t\t\t<div class=\"elementor-column elementor-col-50 elementor-inner-column elementor-element elementor-element-347c355\" data-id=\"347c355\" data-element_type=\"column\" data-e-type=\"column\">\n\t\t\t<div class=\"elementor-widget-wrap elementor-element-populated\">\n\t\t\t\t\t\t<div class=\"elementor-element elementor-element-55301c7 elementor-align-center elementor-widget elementor-widget-button\" data-id=\"55301c7\" data-element_type=\"widget\" data-e-type=\"widget\" data-widget_type=\"button.default\">\n\t\t\t\t<div class=\"elementor-widget-container\">\n\t\t\t\t\t\t\t\t\t<div class=\"elementor-button-wrapper\">\n\t\t\t\t\t<a class=\"elementor-button elementor-button-link elementor-size-md\" href=\"http:\/\/www.halirsch-ahrenshoop.de\/?page_id=31\">\n\t\t\t\t\t\t<span class=\"elementor-button-content-wrapper\">\n\t\t\t\t\t\t\t\t\t<span class=\"elementor-button-text\">zu den Preisen<\/span>\n\t\t\t\t\t<\/span>\n\t\t\t\t\t<\/a>\n\t\t\t\t<\/div>\n\t\t\t\t\t\t\t\t<\/div>\n\t\t\t\t<\/div>\n\t\t\t\t\t<\/div>\n\t\t<\/div>\n\t\t\t\t<div class=\"elementor-column elementor-col-50 elementor-inner-column elementor-element elementor-element-5115999\" data-id=\"5115999\" data-element_type=\"column\" data-e-type=\"column\">\n\t\t\t<div class=\"elementor-widget-wrap elementor-element-populated\">\n\t\t\t\t\t\t<div class=\"elementor-element elementor-element-8f73d9b elementor-align-center elementor-widget elementor-widget-button\" data-id=\"8f73d9b\" data-element_type=\"widget\" data-e-type=\"widget\" data-widget_type=\"button.default\">\n\t\t\t\t<div class=\"elementor-widget-container\">\n\t\t\t\t\t\t\t\t\t<div class=\"elementor-button-wrapper\">\n\t\t\t\t\t<a class=\"elementor-button elementor-button-link elementor-size-md\" href=\"http:\/\/www.halirsch-ahrenshoop.de\/?page_id=38\">\n\t\t\t\t\t\t<span class=\"elementor-button-content-wrapper\">\n\t\t\t\t\t\t\t\t\t<span class=\"elementor-button-text\">jetzt reservieren<\/span>\n\t\t\t\t\t<\/span>\n\t\t\t\t\t<\/a>\n\t\t\t\t<\/div>\n\t\t\t\t\t\t\t\t<\/div>\n\t\t\t\t<\/div>\n\t\t\t\t\t<\/div>\n\t\t<\/div>\n\t\t\t\t\t<\/div>\n\t\t<\/section>\n\t\t\t\t<div class=\"elementor-element elementor-element-3c9b1f1 elementor-widget elementor-widget-spacer\" data-id=\"3c9b1f1\" data-element_type=\"widget\" data-e-type=\"widget\" data-widget_type=\"spacer.default\">\n\t\t\t\t<div class=\"elementor-widget-container\">\n\t\t\t\t\t\t\t<div class=\"elementor-spacer\">\n\t\t\t<div class=\"elementor-spacer-inner\"><\/div>\n\t\t<\/div>\n\t\t\t\t\t\t<\/div>\n\t\t\t\t<\/div>\n\t\t\t\t\t<\/div>\n\t\t<\/div>\n\t\t\t\t\t<\/div>\n\t\t<\/section>\n\t\t\t\t<section class=\"elementor-section elementor-top-section elementor-element elementor-element-92cfb79 elementor-section-boxed elementor-section-height-default elementor-section-height-default\" data-id=\"92cfb79\" data-element_type=\"section\" data-e-type=\"section\">\n\t\t\t\t\t\t<div class=\"elementor-container elementor-column-gap-default\">\n\t\t\t\t\t<div class=\"elementor-column elementor-col-50 elementor-top-column elementor-element elementor-element-58e6b17\" data-id=\"58e6b17\" data-element_type=\"column\" data-e-type=\"column\">\n\t\t\t<div class=\"elementor-widget-wrap elementor-element-populated\">\n\t\t\t\t\t\t<div class=\"elementor-element elementor-element-4d31a69 gallery-spacing-custom elementor-widget__width-initial elementor-widget elementor-widget-image-gallery\" data-id=\"4d31a69\" data-element_type=\"widget\" data-e-type=\"widget\" data-settings=\"{&quot;_animation&quot;:&quot;none&quot;}\" data-widget_type=\"image-gallery.default\">\n\t\t\t\t<div class=\"elementor-widget-container\">\n\t\t\t\t\t\t\t<div class=\"elementor-image-gallery\">\n\t\t\t<div id='gallery-1' class='gallery galleryid-70 gallery-columns-3 gallery-size-thumbnail'><figure class='gallery-item'>\n\t\t\t<div class='gallery-icon landscape'>\n\t\t\t\t<a data-elementor-open-lightbox=\"yes\" data-elementor-lightbox-slideshow=\"4d31a69\" data-elementor-lightbox-title=\"wohnzimmer\" data-e-action-hash=\"#elementor-action%3Aaction%3Dlightbox%26settings%3DeyJpZCI6MTgxLCJ1cmwiOiJodHRwczpcL1wvd3d3LmhhbGlyc2NoLWFocmVuc2hvb3AuZGVcL3dvcmRwcmVzc1wvd3AtY29udGVudFwvdXBsb2Fkc1wvMjAxOVwvMTJcL3dvaG56aW1tZXItNC5qcGciLCJzbGlkZXNob3ciOiI0ZDMxYTY5In0%3D\" href='https:\/\/www.halirsch-ahrenshoop.de\/wordpress\/wp-content\/uploads\/2019\/12\/wohnzimmer-4.jpg'><img decoding=\"async\" width=\"150\" height=\"150\" src=\"https:\/\/www.halirsch-ahrenshoop.de\/wordpress\/wp-content\/uploads\/2019\/12\/wohnzimmer-4-150x150.jpg\" class=\"attachment-thumbnail size-thumbnail\" alt=\"\" \/><\/a>\n\t\t\t<\/div><\/figure><figure class='gallery-item'>\n\t\t\t<div class='gallery-icon landscape'>\n\t\t\t\t<a data-elementor-open-lightbox=\"yes\" data-elementor-lightbox-slideshow=\"4d31a69\" data-elementor-lightbox-title=\"schlafzimmer-im-obergeschoss-mit-bad-wc-extra\" data-e-action-hash=\"#elementor-action%3Aaction%3Dlightbox%26settings%3DeyJpZCI6MTc4LCJ1cmwiOiJodHRwczpcL1wvd3d3LmhhbGlyc2NoLWFocmVuc2hvb3AuZGVcL3dvcmRwcmVzc1wvd3AtY29udGVudFwvdXBsb2Fkc1wvMjAxOVwvMTJcL3NjaGxhZnppbW1lci1pbS1vYmVyZ2VzY2hvc3MtbWl0LWJhZC13Yy1leHRyYS0xLmpwZyIsInNsaWRlc2hvdyI6IjRkMzFhNjkifQ%3D%3D\" href='https:\/\/www.halirsch-ahrenshoop.de\/wordpress\/wp-content\/uploads\/2019\/12\/schlafzimmer-im-obergeschoss-mit-bad-wc-extra-1.jpg'><img decoding=\"async\" width=\"150\" height=\"150\" src=\"https:\/\/www.halirsch-ahrenshoop.de\/wordpress\/wp-content\/uploads\/2019\/12\/schlafzimmer-im-obergeschoss-mit-bad-wc-extra-1-150x150.jpg\" class=\"attachment-thumbnail size-thumbnail\" alt=\"\" \/><\/a>\n\t\t\t<\/div><\/figure><figure class='gallery-item'>\n\t\t\t<div class='gallery-icon landscape'>\n\t\t\t\t<a data-elementor-open-lightbox=\"yes\" data-elementor-lightbox-slideshow=\"4d31a69\" data-elementor-lightbox-title=\"schlafzimmer-im-obergeschoss-mit-bad-wc-extra2\" data-e-action-hash=\"#elementor-action%3Aaction%3Dlightbox%26settings%3DeyJpZCI6MTc5LCJ1cmwiOiJodHRwczpcL1wvd3d3LmhhbGlyc2NoLWFocmVuc2hvb3AuZGVcL3dvcmRwcmVzc1wvd3AtY29udGVudFwvdXBsb2Fkc1wvMjAxOVwvMTJcL3NjaGxhZnppbW1lci1pbS1vYmVyZ2VzY2hvc3MtbWl0LWJhZC13Yy1leHRyYTIuanBnIiwic2xpZGVzaG93IjoiNGQzMWE2OSJ9\" href='https:\/\/www.halirsch-ahrenshoop.de\/wordpress\/wp-content\/uploads\/2019\/12\/schlafzimmer-im-obergeschoss-mit-bad-wc-extra2.jpg'><img loading=\"lazy\" decoding=\"async\" width=\"150\" height=\"150\" src=\"https:\/\/www.halirsch-ahrenshoop.de\/wordpress\/wp-content\/uploads\/2019\/12\/schlafzimmer-im-obergeschoss-mit-bad-wc-extra2-150x150.jpg\" class=\"attachment-thumbnail size-thumbnail\" alt=\"\" \/><\/a>\n\t\t\t<\/div><\/figure><figure class='gallery-item'>\n\t\t\t<div class='gallery-icon landscape'>\n\t\t\t\t<a data-elementor-open-lightbox=\"yes\" data-elementor-lightbox-slideshow=\"4d31a69\" data-elementor-lightbox-title=\"essplatz-mit-kuechenecke\" data-e-action-hash=\"#elementor-action%3Aaction%3Dlightbox%26settings%3DeyJpZCI6MTc2LCJ1cmwiOiJodHRwczpcL1wvd3d3LmhhbGlyc2NoLWFocmVuc2hvb3AuZGVcL3dvcmRwcmVzc1wvd3AtY29udGVudFwvdXBsb2Fkc1wvMjAxOVwvMTJcL2Vzc3BsYXR6LW1pdC1rdWVjaGVuZWNrZS5qcGciLCJzbGlkZXNob3ciOiI0ZDMxYTY5In0%3D\" href='https:\/\/www.halirsch-ahrenshoop.de\/wordpress\/wp-content\/uploads\/2019\/12\/essplatz-mit-kuechenecke.jpg'><img loading=\"lazy\" decoding=\"async\" width=\"150\" height=\"150\" src=\"https:\/\/www.halirsch-ahrenshoop.de\/wordpress\/wp-content\/uploads\/2019\/12\/essplatz-mit-kuechenecke-150x150.jpg\" class=\"attachment-thumbnail size-thumbnail\" alt=\"\" \/><\/a>\n\t\t\t<\/div><\/figure><figure class='gallery-item'>\n\t\t\t<div class='gallery-icon landscape'>\n\t\t\t\t<a data-elementor-open-lightbox=\"yes\" data-elementor-lightbox-slideshow=\"4d31a69\" data-elementor-lightbox-title=\"ostwohnung - duschecke\" data-e-action-hash=\"#elementor-action%3Aaction%3Dlightbox%26settings%3DeyJpZCI6MzQwLCJ1cmwiOiJodHRwczpcL1wvd3d3LmhhbGlyc2NoLWFocmVuc2hvb3AuZGVcL3dvcmRwcmVzc1wvd3AtY29udGVudFwvdXBsb2Fkc1wvMjAxOVwvMTJcL29zdHdvaG51bmctZHVzY2hlY2tlLmpwZyIsInNsaWRlc2hvdyI6IjRkMzFhNjkifQ%3D%3D\" href='https:\/\/www.halirsch-ahrenshoop.de\/wordpress\/wp-content\/uploads\/2019\/12\/ostwohnung-duschecke.jpg'><img loading=\"lazy\" decoding=\"async\" width=\"150\" height=\"150\" src=\"https:\/\/www.halirsch-ahrenshoop.de\/wordpress\/wp-content\/uploads\/2019\/12\/ostwohnung-duschecke-150x150.jpg\" class=\"attachment-thumbnail size-thumbnail\" alt=\"\" \/><\/a>\n\t\t\t<\/div><\/figure><figure class='gallery-item'>\n\t\t\t<div class='gallery-icon landscape'>\n\t\t\t\t<a data-elementor-open-lightbox=\"yes\" data-elementor-lightbox-slideshow=\"4d31a69\" data-elementor-lightbox-title=\"ostwohnung - extra-wc\" data-e-action-hash=\"#elementor-action%3Aaction%3Dlightbox%26settings%3DeyJpZCI6MzQxLCJ1cmwiOiJodHRwczpcL1wvd3d3LmhhbGlyc2NoLWFocmVuc2hvb3AuZGVcL3dvcmRwcmVzc1wvd3AtY29udGVudFwvdXBsb2Fkc1wvMjAxOVwvMTJcL29zdHdvaG51bmctZXh0cmEtd2MuanBnIiwic2xpZGVzaG93IjoiNGQzMWE2OSJ9\" href='https:\/\/www.halirsch-ahrenshoop.de\/wordpress\/wp-content\/uploads\/2019\/12\/ostwohnung-extra-wc.jpg'><img loading=\"lazy\" decoding=\"async\" width=\"150\" height=\"150\" src=\"https:\/\/www.halirsch-ahrenshoop.de\/wordpress\/wp-content\/uploads\/2019\/12\/ostwohnung-extra-wc-150x150.jpg\" class=\"attachment-thumbnail size-thumbnail\" alt=\"\" \/><\/a>\n\t\t\t<\/div><\/figure><figure class='gallery-item'>\n\t\t\t<div class='gallery-icon landscape'>\n\t\t\t\t<a data-elementor-open-lightbox=\"yes\" data-elementor-lightbox-slideshow=\"4d31a69\" data-elementor-lightbox-title=\"terrasse-zusammen-mit-der-westwohnung\" data-e-action-hash=\"#elementor-action%3Aaction%3Dlightbox%26settings%3DeyJpZCI6MTgwLCJ1cmwiOiJodHRwczpcL1wvd3d3LmhhbGlyc2NoLWFocmVuc2hvb3AuZGVcL3dvcmRwcmVzc1wvd3AtY29udGVudFwvdXBsb2Fkc1wvMjAxOVwvMTJcL3RlcnJhc3NlLXp1c2FtbWVuLW1pdC1kZXItd2VzdHdvaG51bmctMS5qcGciLCJzbGlkZXNob3ciOiI0ZDMxYTY5In0%3D\" href='https:\/\/www.halirsch-ahrenshoop.de\/wordpress\/wp-content\/uploads\/2019\/12\/terrasse-zusammen-mit-der-westwohnung-1.jpg'><img loading=\"lazy\" decoding=\"async\" width=\"150\" height=\"150\" src=\"https:\/\/www.halirsch-ahrenshoop.de\/wordpress\/wp-content\/uploads\/2019\/12\/terrasse-zusammen-mit-der-westwohnung-1-150x150.jpg\" class=\"attachment-thumbnail size-thumbnail\" alt=\"\" \/><\/a>\n\t\t\t<\/div><\/figure><figure class='gallery-item'>\n\t\t\t<div class='gallery-icon landscape'>\n\t\t\t\t<a data-elementor-open-lightbox=\"yes\" data-elementor-lightbox-slideshow=\"4d31a69\" data-elementor-lightbox-title=\"sauna-jeweils-von-einer-ferienwohnung-nutzbar\" data-e-action-hash=\"#elementor-action%3Aaction%3Dlightbox%26settings%3DeyJpZCI6MzQzLCJ1cmwiOiJodHRwczpcL1wvd3d3LmhhbGlyc2NoLWFocmVuc2hvb3AuZGVcL3dvcmRwcmVzc1wvd3AtY29udGVudFwvdXBsb2Fkc1wvMjAxOVwvMTJcL3NhdW5hLWpld2VpbHMtdm9uLWVpbmVyLWZlcmllbndvaG51bmctbnV0emJhci5qcGciLCJzbGlkZXNob3ciOiI0ZDMxYTY5In0%3D\" href='https:\/\/www.halirsch-ahrenshoop.de\/wordpress\/wp-content\/uploads\/2019\/12\/sauna-jeweils-von-einer-ferienwohnung-nutzbar.jpg'><img loading=\"lazy\" decoding=\"async\" width=\"150\" height=\"150\" src=\"https:\/\/www.halirsch-ahrenshoop.de\/wordpress\/wp-content\/uploads\/2019\/12\/sauna-jeweils-von-einer-ferienwohnung-nutzbar-150x150.jpg\" class=\"attachment-thumbnail size-thumbnail\" alt=\"\" \/><\/a>\n\t\t\t<\/div><\/figure><figure class='gallery-item'>\n\t\t\t<div class='gallery-icon landscape'>\n\t\t\t\t<a data-elementor-open-lightbox=\"yes\" data-elementor-lightbox-slideshow=\"4d31a69\" data-elementor-lightbox-title=\"sauna-im-souterrain-fuer-alle-4-ferienwohnungen\" data-e-action-hash=\"#elementor-action%3Aaction%3Dlightbox%26settings%3DeyJpZCI6MzQyLCJ1cmwiOiJodHRwczpcL1wvd3d3LmhhbGlyc2NoLWFocmVuc2hvb3AuZGVcL3dvcmRwcmVzc1wvd3AtY29udGVudFwvdXBsb2Fkc1wvMjAxOVwvMTJcL3NhdW5hLWltLXNvdXRlcnJhaW4tZnVlci1hbGxlLTQtZmVyaWVud29obnVuZ2VuLmpwZyIsInNsaWRlc2hvdyI6IjRkMzFhNjkifQ%3D%3D\" href='https:\/\/www.halirsch-ahrenshoop.de\/wordpress\/wp-content\/uploads\/2019\/12\/sauna-im-souterrain-fuer-alle-4-ferienwohnungen.jpg'><img loading=\"lazy\" decoding=\"async\" width=\"150\" height=\"150\" src=\"https:\/\/www.halirsch-ahrenshoop.de\/wordpress\/wp-content\/uploads\/2019\/12\/sauna-im-souterrain-fuer-alle-4-ferienwohnungen-150x150.jpg\" class=\"attachment-thumbnail size-thumbnail\" alt=\"\" \/><\/a>\n\t\t\t<\/div><\/figure>\n\t\t<\/div>\n\t\t<\/div>\n\t\t\t\t\t\t<\/div>\n\t\t\t\t<\/div>\n\t\t\t\t\t<\/div>\n\t\t<\/div>\n\t\t\t\t<div class=\"elementor-column elementor-col-50 elementor-top-column elementor-element elementor-element-8d2a78f\" data-id=\"8d2a78f\" data-element_type=\"column\" data-e-type=\"column\">\n\t\t\t<div class=\"elementor-widget-wrap\">\n\t\t\t\t\t\t\t<\/div>\n\t\t<\/div>\n\t\t\t\t\t<\/div>\n\t\t<\/section>\n\t\t\t\t<section class=\"elementor-section elementor-top-section elementor-element elementor-element-dbca74c elementor-section-boxed elementor-section-height-default elementor-section-height-default\" data-id=\"dbca74c\" data-element_type=\"section\" data-e-type=\"section\">\n\t\t\t\t\t\t<div class=\"elementor-container elementor-column-gap-default\">\n\t\t\t\t\t<div class=\"elementor-column elementor-col-50 elementor-top-column elementor-element elementor-element-447c354\" data-id=\"447c354\" data-element_type=\"column\" data-e-type=\"column\">\n\t\t\t<div class=\"elementor-widget-wrap elementor-element-populated\">\n\t\t\t\t\t\t<div class=\"elementor-element elementor-element-a30557f elementor-align-center elementor-hidden-desktop elementor-widget elementor-widget-button\" data-id=\"a30557f\" data-element_type=\"widget\" data-e-type=\"widget\" data-widget_type=\"button.default\">\n\t\t\t\t<div class=\"elementor-widget-container\">\n\t\t\t\t\t\t\t\t\t<div class=\"elementor-button-wrapper\">\n\t\t\t\t\t<a class=\"elementor-button elementor-button-link elementor-size-md\" href=\"http:\/\/www.halirsch-ahrenshoop.de\/?page_id=31\">\n\t\t\t\t\t\t<span class=\"elementor-button-content-wrapper\">\n\t\t\t\t\t\t\t\t\t<span class=\"elementor-button-text\">zu den Preisen<\/span>\n\t\t\t\t\t<\/span>\n\t\t\t\t\t<\/a>\n\t\t\t\t<\/div>\n\t\t\t\t\t\t\t\t<\/div>\n\t\t\t\t<\/div>\n\t\t\t\t\t<\/div>\n\t\t<\/div>\n\t\t\t\t<div class=\"elementor-column elementor-col-50 elementor-top-column elementor-element elementor-element-8c4dc77\" data-id=\"8c4dc77\" data-element_type=\"column\" data-e-type=\"column\">\n\t\t\t<div class=\"elementor-widget-wrap elementor-element-populated\">\n\t\t\t\t\t\t<div class=\"elementor-element elementor-element-842f7e6 elementor-align-center elementor-hidden-desktop elementor-widget elementor-widget-button\" data-id=\"842f7e6\" data-element_type=\"widget\" data-e-type=\"widget\" data-widget_type=\"button.default\">\n\t\t\t\t<div class=\"elementor-widget-container\">\n\t\t\t\t\t\t\t\t\t<div class=\"elementor-button-wrapper\">\n\t\t\t\t\t<a class=\"elementor-button elementor-button-link elementor-size-md\" href=\"http:\/\/www.halirsch-ahrenshoop.de\/?page_id=38\">\n\t\t\t\t\t\t<span class=\"elementor-button-content-wrapper\">\n\t\t\t\t\t\t\t\t\t<span class=\"elementor-button-text\">jetzt reservieren<\/span>\n\t\t\t\t\t<\/span>\n\t\t\t\t\t<\/a>\n\t\t\t\t<\/div>\n\t\t\t\t\t\t\t\t<\/div>\n\t\t\t\t<\/div>\n\t\t\t\t\t<\/div>\n\t\t<\/div>\n\t\t\t\t\t<\/div>\n\t\t<\/section>\n\t\t\t\t<\/div>\n\t\t","protected":false},"excerpt":{"rendered":"<p>Ostwohnung &gt; Maisonettewohnung \u00fcber 2 Etagen &gt; Wohnzimmer mit K\u00fcchen- und Essecke, Boddenblick (EG) &gt; SAT TV (schwenkbar), kleines Radio, WLAN &nbsp; &nbsp; &nbsp; &gt; K\u00fcchenecke mit Mikrowelle &nbsp; &nbsp; &nbsp;&nbsp;&nbsp; &gt; Cerankochfeld (2 Platten) &nbsp; &nbsp; &nbsp;&nbsp;&nbsp; &gt; K\u00fchlschrank (kleines Gefrierfach) &nbsp; &nbsp; &nbsp;&nbsp;&nbsp; &gt; Kaffeemaschine &nbsp; &nbsp; &nbsp;&nbsp;&nbsp; &gt; Toaster &nbsp; &nbsp; &nbsp;&nbsp;&nbsp; [&hellip;]<\/p>\n","protected":false},"author":1,"featured_media":0,"parent":0,"menu_order":0,"comment_status":"closed","ping_status":"closed","template":"elementor_header_footer","meta":{"footnotes":""},"class_list":["post-70","page","type-page","status-publish","hentry","entry"],"_links":{"self":[{"href":"https:\/\/www.halirsch-ahrenshoop.de\/index.php?rest_route=\/wp\/v2\/pages\/70","targetHints":{"allow":["GET"]}}],"collection":[{"href":"https:\/\/www.halirsch-ahrenshoop.de\/index.php?rest_route=\/wp\/v2\/pages"}],"about":[{"href":"https:\/\/www.halirsch-ahrenshoop.de\/index.php?rest_route=\/wp\/v2\/types\/page"}],"author":[{"embeddable":true,"href":"https:\/\/www.halirsch-ahrenshoop.de\/index.php?rest_route=\/wp\/v2\/users\/1"}],"replies":[{"embeddable":true,"href":"https:\/\/www.halirsch-ahrenshoop.de\/index.php?rest_route=%2Fwp%2Fv2%2Fcomments&post=70"}],"version-history":[{"count":49,"href":"https:\/\/www.halirsch-ahrenshoop.de\/index.php?rest_route=\/wp\/v2\/pages\/70\/revisions"}],"predecessor-version":[{"id":604,"href":"https:\/\/www.halirsch-ahrenshoop.de\/index.php?rest_route=\/wp\/v2\/pages\/70\/revisions\/604"}],"wp:attachment":[{"href":"https:\/\/www.halirsch-ahrenshoop.de\/index.php?rest_route=%2Fwp%2Fv2%2Fmedia&parent=70"}],"curies":[{"name":"wp","href":"https:\/\/api.w.org\/{rel}","templated":true}]}}