{"id":41,"date":"2019-12-21T19:00:28","date_gmt":"2019-12-21T18:00:28","guid":{"rendered":"http:\/\/www.halirsch-ahrenshoop.de\/wordpress\/?page_id=41"},"modified":"2019-12-27T14:15:29","modified_gmt":"2019-12-27T13:15:29","slug":"impressum","status":"publish","type":"page","link":"https:\/\/www.halirsch-ahrenshoop.de\/?page_id=41","title":{"rendered":"Impressum"},"content":{"rendered":"\t\t<div data-elementor-type=\"wp-page\" data-elementor-id=\"41\" class=\"elementor elementor-41\">\n\t\t\t\t\t\t<section class=\"elementor-section elementor-top-section elementor-element elementor-element-16b15cd elementor-section-boxed elementor-section-height-default elementor-section-height-default\" data-id=\"16b15cd\" data-element_type=\"section\" data-e-type=\"section\">\n\t\t\t\t\t\t<div class=\"elementor-container elementor-column-gap-default\">\n\t\t\t\t\t<div class=\"elementor-column elementor-col-100 elementor-top-column elementor-element elementor-element-d1eafd3\" data-id=\"d1eafd3\" data-element_type=\"column\" data-e-type=\"column\">\n\t\t\t<div class=\"elementor-widget-wrap elementor-element-populated\">\n\t\t\t\t\t\t<div class=\"elementor-element elementor-element-8d9b5dc elementor-widget elementor-widget-spacer\" data-id=\"8d9b5dc\" data-element_type=\"widget\" data-e-type=\"widget\" data-widget_type=\"spacer.default\">\n\t\t\t\t<div class=\"elementor-widget-container\">\n\t\t\t\t\t\t\t<div class=\"elementor-spacer\">\n\t\t\t<div class=\"elementor-spacer-inner\"><\/div>\n\t\t<\/div>\n\t\t\t\t\t\t<\/div>\n\t\t\t\t<\/div>\n\t\t\t\t<div class=\"elementor-element elementor-element-0cce3b2 elementor-widget elementor-widget-heading\" data-id=\"0cce3b2\" data-element_type=\"widget\" data-e-type=\"widget\" data-widget_type=\"heading.default\">\n\t\t\t\t<div class=\"elementor-widget-container\">\n\t\t\t\t\t<h2 class=\"elementor-heading-title elementor-size-default\">Impressum\n<\/h2>\t\t\t\t<\/div>\n\t\t\t\t<\/div>\n\t\t\t\t\t<\/div>\n\t\t<\/div>\n\t\t\t\t\t<\/div>\n\t\t<\/section>\n\t\t\t\t<section class=\"elementor-section elementor-top-section elementor-element elementor-element-1fd2659 elementor-section-boxed elementor-section-height-default elementor-section-height-default\" data-id=\"1fd2659\" data-element_type=\"section\" data-e-type=\"section\">\n\t\t\t\t\t\t<div class=\"elementor-container elementor-column-gap-default\">\n\t\t\t\t\t<div class=\"elementor-column elementor-col-100 elementor-top-column elementor-element elementor-element-da83f58\" data-id=\"da83f58\" data-element_type=\"column\" data-e-type=\"column\">\n\t\t\t<div class=\"elementor-widget-wrap elementor-element-populated\">\n\t\t\t\t\t\t<div class=\"elementor-element elementor-element-0dbbd22 elementor-widget elementor-widget-spacer\" data-id=\"0dbbd22\" data-element_type=\"widget\" data-e-type=\"widget\" data-widget_type=\"spacer.default\">\n\t\t\t\t<div class=\"elementor-widget-container\">\n\t\t\t\t\t\t\t<div class=\"elementor-spacer\">\n\t\t\t<div class=\"elementor-spacer-inner\"><\/div>\n\t\t<\/div>\n\t\t\t\t\t\t<\/div>\n\t\t\t\t<\/div>\n\t\t\t\t<div class=\"elementor-element elementor-element-ad01d3f elementor-widget elementor-widget-text-editor\" data-id=\"ad01d3f\" data-element_type=\"widget\" data-e-type=\"widget\" data-widget_type=\"text-editor.default\">\n\t\t\t\t<div class=\"elementor-widget-container\">\n\t\t\t\t\t\t\t\t\t<p>Halirsch, Sylvia &amp; Andreas<br \/>Hus S\u00fcnnschien<br \/>Fulge 16<br \/>18347 Ahrenshoop<br \/>Telefon: 038220\/80924<br \/>E-Mail: info@halirsch-ahrenshoop.de<\/p><p>Verantwortlich f\u00fcr den Inhalt (gem. \u00a7 55 Abs. 2 RStV):<br \/>Halirsch, Sylvia &amp; Andreas<br \/>Fulge 16<br \/>18347 Ahrenshoop<\/p>\t\t\t\t\t\t\t\t<\/div>\n\t\t\t\t<\/div>\n\t\t\t\t\t<\/div>\n\t\t<\/div>\n\t\t\t\t\t<\/div>\n\t\t<\/section>\n\t\t\t\t<section class=\"elementor-section elementor-top-section elementor-element elementor-element-f045a13 elementor-section-boxed elementor-section-height-default elementor-section-height-default\" data-id=\"f045a13\" data-element_type=\"section\" data-e-type=\"section\">\n\t\t\t\t\t\t<div class=\"elementor-container elementor-column-gap-default\">\n\t\t\t\t\t<div class=\"elementor-column elementor-col-100 elementor-top-column elementor-element elementor-element-43f6912\" data-id=\"43f6912\" data-element_type=\"column\" data-e-type=\"column\">\n\t\t\t<div class=\"elementor-widget-wrap elementor-element-populated\">\n\t\t\t\t\t\t<div class=\"elementor-element elementor-element-b579b7b elementor-widget elementor-widget-heading\" data-id=\"b579b7b\" data-element_type=\"widget\" data-e-type=\"widget\" data-widget_type=\"heading.default\">\n\t\t\t\t<div class=\"elementor-widget-container\">\n\t\t\t\t\t<h2 class=\"elementor-heading-title elementor-size-default\">Haftungsausschluss<\/h2>\t\t\t\t<\/div>\n\t\t\t\t<\/div>\n\t\t\t\t<div class=\"elementor-element elementor-element-f5621f0 elementor-widget elementor-widget-text-editor\" data-id=\"f5621f0\" data-element_type=\"widget\" data-e-type=\"widget\" data-widget_type=\"text-editor.default\">\n\t\t\t\t<div class=\"elementor-widget-container\">\n\t\t\t\t\t\t\t\t\t<p>Der Download von Programmen oder Dateien von dieser Seite, sowie von anderen Seiten die auf dem Server der Familie Halirsch liegen, erfolgt auf eigene Gefahr. Eine Haftung f\u00fcr Sch\u00e4den und Beeintr\u00e4chtigungen ist ausgeschlossen. Ein Anspruch auf Schadenersatz, sowie f\u00fcr Folgesch\u00e4den jeglicher Art, ist ausgeschlossen.<\/p><p>Eine Haftung f\u00fcr die Richtigkeit der Ver\u00f6ffentlichungen und Links zu externen Seiten kann nicht \u00fcbernommen werden. Familie Halirsch \u00fcbernimmt keine Haftung und ist auch nicht verantwortlich f\u00fcr den Inhalt der verlinkten Seiten. Wenn Sie auf einen externen Link, einen Download-Link, oder sonstige Links klicken, dann geschieht das auf eigene Verantwortung.<\/p><p>Alle Inhalte, Text- und Bildmaterial werden Internetnutzern ausschlie\u00dflich zum privaten, eigenen Gebrauch zur Verf\u00fcgung gestellt, jede dar\u00fcber hinausgehende Nutzung ist unzul\u00e4ssig. F\u00fcr die Inhalte fremder, verlinkter Internetangebote wird keine Verantwortung \u00fcbernommen.<\/p>\t\t\t\t\t\t\t\t<\/div>\n\t\t\t\t<\/div>\n\t\t\t\t\t<\/div>\n\t\t<\/div>\n\t\t\t\t\t<\/div>\n\t\t<\/section>\n\t\t\t\t<\/div>\n\t\t","protected":false},"excerpt":{"rendered":"<p>Impressum Halirsch, Sylvia &amp; AndreasHus S\u00fcnnschienFulge 1618347 AhrenshoopTelefon: 038220\/80924E-Mail: info@halirsch-ahrenshoop.de Verantwortlich f\u00fcr den Inhalt (gem. \u00a7 55 Abs. 2 RStV):Halirsch, Sylvia &amp; AndreasFulge 1618347 Ahrenshoop Haftungsausschluss Der Download von Programmen oder Dateien von dieser Seite, sowie von anderen Seiten die auf dem Server der Familie Halirsch liegen, erfolgt auf eigene Gefahr. Eine Haftung f\u00fcr Sch\u00e4den [&hellip;]<\/p>\n","protected":false},"author":1,"featured_media":0,"parent":0,"menu_order":0,"comment_status":"closed","ping_status":"closed","template":"elementor_header_footer","meta":{"footnotes":""},"class_list":["post-41","page","type-page","status-publish","hentry","entry"],"_links":{"self":[{"href":"https:\/\/www.halirsch-ahrenshoop.de\/index.php?rest_route=\/wp\/v2\/pages\/41","targetHints":{"allow":["GET"]}}],"collection":[{"href":"https:\/\/www.halirsch-ahrenshoop.de\/index.php?rest_route=\/wp\/v2\/pages"}],"about":[{"href":"https:\/\/www.halirsch-ahrenshoop.de\/index.php?rest_route=\/wp\/v2\/types\/page"}],"author":[{"embeddable":true,"href":"https:\/\/www.halirsch-ahrenshoop.de\/index.php?rest_route=\/wp\/v2\/users\/1"}],"replies":[{"embeddable":true,"href":"https:\/\/www.halirsch-ahrenshoop.de\/index.php?rest_route=%2Fwp%2Fv2%2Fcomments&post=41"}],"version-history":[{"count":7,"href":"https:\/\/www.halirsch-ahrenshoop.de\/index.php?rest_route=\/wp\/v2\/pages\/41\/revisions"}],"predecessor-version":[{"id":324,"href":"https:\/\/www.halirsch-ahrenshoop.de\/index.php?rest_route=\/wp\/v2\/pages\/41\/revisions\/324"}],"wp:attachment":[{"href":"https:\/\/www.halirsch-ahrenshoop.de\/index.php?rest_route=%2Fwp%2Fv2%2Fmedia&parent=41"}],"curies":[{"name":"wp","href":"https:\/\/api.w.org\/{rel}","templated":true}]}}