{"id":167,"date":"2019-12-21T21:47:39","date_gmt":"2019-12-21T20:47:39","guid":{"rendered":"http:\/\/www.halirsch-ahrenshoop.de\/wordpress\/?page_id=167"},"modified":"2026-03-07T16:57:40","modified_gmt":"2026-03-07T15:57:40","slug":"balkonwohnung-2","status":"publish","type":"page","link":"https:\/\/www.halirsch-ahrenshoop.de\/?page_id=167","title":{"rendered":"Balkonwohnung"},"content":{"rendered":"\t\t<div data-elementor-type=\"wp-page\" data-elementor-id=\"167\" class=\"elementor elementor-167\">\n\t\t\t\t\t\t<section class=\"elementor-section elementor-top-section elementor-element elementor-element-37f780b elementor-section-boxed elementor-section-height-default elementor-section-height-default\" data-id=\"37f780b\" data-element_type=\"section\" data-e-type=\"section\">\n\t\t\t\t\t\t<div class=\"elementor-container elementor-column-gap-default\">\n\t\t\t\t\t<div class=\"elementor-column elementor-col-100 elementor-top-column elementor-element elementor-element-7dd6b31\" data-id=\"7dd6b31\" data-element_type=\"column\" data-e-type=\"column\">\n\t\t\t<div class=\"elementor-widget-wrap elementor-element-populated\">\n\t\t\t\t\t\t<div class=\"elementor-element elementor-element-5bccab6 elementor-widget elementor-widget-spacer\" data-id=\"5bccab6\" data-element_type=\"widget\" data-e-type=\"widget\" data-widget_type=\"spacer.default\">\n\t\t\t\t<div class=\"elementor-widget-container\">\n\t\t\t\t\t\t\t<div class=\"elementor-spacer\">\n\t\t\t<div class=\"elementor-spacer-inner\"><\/div>\n\t\t<\/div>\n\t\t\t\t\t\t<\/div>\n\t\t\t\t<\/div>\n\t\t\t\t<div class=\"elementor-element elementor-element-223b3a6 elementor-widget elementor-widget-heading\" data-id=\"223b3a6\" data-element_type=\"widget\" data-e-type=\"widget\" data-widget_type=\"heading.default\">\n\t\t\t\t<div class=\"elementor-widget-container\">\n\t\t\t\t\t<h1 class=\"elementor-heading-title elementor-size-default\">Balkonwohnung<\/h1>\t\t\t\t<\/div>\n\t\t\t\t<\/div>\n\t\t\t\t<div class=\"elementor-element elementor-element-e552537 elementor-widget elementor-widget-spacer\" data-id=\"e552537\" data-element_type=\"widget\" data-e-type=\"widget\" data-widget_type=\"spacer.default\">\n\t\t\t\t<div class=\"elementor-widget-container\">\n\t\t\t\t\t\t\t<div class=\"elementor-spacer\">\n\t\t\t<div class=\"elementor-spacer-inner\"><\/div>\n\t\t<\/div>\n\t\t\t\t\t\t<\/div>\n\t\t\t\t<\/div>\n\t\t\t\t\t<\/div>\n\t\t<\/div>\n\t\t\t\t\t<\/div>\n\t\t<\/section>\n\t\t\t\t<section class=\"elementor-section elementor-top-section elementor-element elementor-element-e5b36ec elementor-section-boxed elementor-section-height-default elementor-section-height-default\" data-id=\"e5b36ec\" data-element_type=\"section\" data-e-type=\"section\">\n\t\t\t\t\t\t<div class=\"elementor-container elementor-column-gap-default\">\n\t\t\t\t\t<div class=\"elementor-column elementor-col-50 elementor-top-column elementor-element elementor-element-acd6c8a\" data-id=\"acd6c8a\" data-element_type=\"column\" data-e-type=\"column\">\n\t\t\t<div class=\"elementor-widget-wrap elementor-element-populated\">\n\t\t\t\t\t\t<div class=\"elementor-element elementor-element-0c01a5c elementor-widget elementor-widget-text-editor\" data-id=\"0c01a5c\" data-element_type=\"widget\" data-e-type=\"widget\" data-widget_type=\"text-editor.default\">\n\t\t\t\t<div class=\"elementor-widget-container\">\n\t\t\t\t\t\t\t\t\t<p>&gt; Wohnzimmer mit K\u00fcchenecke<\/p>\n<p>&nbsp;&nbsp;&nbsp;&nbsp;&nbsp; &gt; SAT &#8211; TV, CD &#8211; Radio, WLAN<\/p>\n<p>&nbsp;&nbsp; &nbsp;&nbsp; &gt; K\u00fcchenecke mit Backofen<\/p>\n<p>&nbsp;&nbsp;&nbsp;&nbsp;&nbsp; &gt; K\u00fchlschrank<\/p>\n<p>&nbsp; &nbsp; &nbsp; &gt; Kaffeemaschine<\/p>\n<p>&nbsp;&nbsp;&nbsp;&nbsp;&nbsp; &gt; Toaster<\/p>\n<p>&nbsp;&nbsp;&nbsp;&nbsp;&nbsp; &gt; Wasserkocher<\/p>\n<p>&nbsp;&gt; Schlafzimmer f\u00fcr 3 Personen<\/p>\n<p>&nbsp;&nbsp;&nbsp;&nbsp;&nbsp; &gt; Zustellm\u00f6glichkeit f\u00fcr ein Baby- oder G\u00e4stebett<\/p>\n<p>&gt; Badezimmer mit Dusche\/WC<\/p>\n<p>&gt; Balkon<\/p>\n<p>&gt; 1. Etage<\/p>\n<p>&gt; Gr\u00f6\u00dfe: 45 m\u00b2<\/p>\n<p>&gt; Sauna im Souterrain f\u00fcr alle Ferienwohnungen f\u00fcr je 3 Personen<\/p>\t\t\t\t\t\t\t\t<\/div>\n\t\t\t\t<\/div>\n\t\t\t\t\t<\/div>\n\t\t<\/div>\n\t\t\t\t<div class=\"elementor-column elementor-col-50 elementor-top-column elementor-element elementor-element-7154b30\" data-id=\"7154b30\" data-element_type=\"column\" data-e-type=\"column\">\n\t\t\t<div class=\"elementor-widget-wrap elementor-element-populated\">\n\t\t\t\t\t\t<div class=\"elementor-element elementor-element-8fed31a elementor-widget elementor-widget-spacer\" data-id=\"8fed31a\" data-element_type=\"widget\" data-e-type=\"widget\" data-widget_type=\"spacer.default\">\n\t\t\t\t<div class=\"elementor-widget-container\">\n\t\t\t\t\t\t\t<div class=\"elementor-spacer\">\n\t\t\t<div class=\"elementor-spacer-inner\"><\/div>\n\t\t<\/div>\n\t\t\t\t\t\t<\/div>\n\t\t\t\t<\/div>\n\t\t\t\t<div class=\"elementor-element elementor-element-5c6586d elementor-widget elementor-widget-image\" data-id=\"5c6586d\" data-element_type=\"widget\" data-e-type=\"widget\" data-settings=\"{&quot;_animation&quot;:&quot;none&quot;}\" data-widget_type=\"image.default\">\n\t\t\t\t<div class=\"elementor-widget-container\">\n\t\t\t\t\t\t\t\t\t\t\t\t\t\t\t<img fetchpriority=\"high\" decoding=\"async\" width=\"1024\" height=\"576\" src=\"https:\/\/www.halirsch-ahrenshoop.de\/wordpress\/wp-content\/uploads\/2022\/11\/IMG_20210630_172337-1024x576.jpg\" class=\"attachment-large size-large wp-image-563\" alt=\"\" srcset=\"https:\/\/www.halirsch-ahrenshoop.de\/wordpress\/wp-content\/uploads\/2022\/11\/IMG_20210630_172337-1024x576.jpg 1024w, https:\/\/www.halirsch-ahrenshoop.de\/wordpress\/wp-content\/uploads\/2022\/11\/IMG_20210630_172337-300x169.jpg 300w, https:\/\/www.halirsch-ahrenshoop.de\/wordpress\/wp-content\/uploads\/2022\/11\/IMG_20210630_172337-768x432.jpg 768w, https:\/\/www.halirsch-ahrenshoop.de\/wordpress\/wp-content\/uploads\/2022\/11\/IMG_20210630_172337-1536x864.jpg 1536w, https:\/\/www.halirsch-ahrenshoop.de\/wordpress\/wp-content\/uploads\/2022\/11\/IMG_20210630_172337-2048x1152.jpg 2048w, https:\/\/www.halirsch-ahrenshoop.de\/wordpress\/wp-content\/uploads\/2022\/11\/IMG_20210630_172337-800x450.jpg 800w\" sizes=\"(max-width: 1024px) 100vw, 1024px\" \/>\t\t\t\t\t\t\t\t\t\t\t\t\t\t\t<\/div>\n\t\t\t\t<\/div>\n\t\t\t\t<section class=\"elementor-section elementor-inner-section elementor-element elementor-element-fdb275b elementor-section-boxed elementor-section-height-default elementor-section-height-default\" data-id=\"fdb275b\" data-element_type=\"section\" data-e-type=\"section\">\n\t\t\t\t\t\t<div class=\"elementor-container elementor-column-gap-default\">\n\t\t\t\t\t<div class=\"elementor-column elementor-col-50 elementor-inner-column elementor-element elementor-element-347c355\" data-id=\"347c355\" data-element_type=\"column\" data-e-type=\"column\">\n\t\t\t<div class=\"elementor-widget-wrap elementor-element-populated\">\n\t\t\t\t\t\t<div class=\"elementor-element elementor-element-55301c7 elementor-align-center elementor-widget elementor-widget-button\" data-id=\"55301c7\" data-element_type=\"widget\" data-e-type=\"widget\" data-widget_type=\"button.default\">\n\t\t\t\t<div class=\"elementor-widget-container\">\n\t\t\t\t\t\t\t\t\t<div class=\"elementor-button-wrapper\">\n\t\t\t\t\t<a class=\"elementor-button elementor-button-link elementor-size-md\" href=\"http:\/\/www.halirsch-ahrenshoop.de\/?page_id=31\">\n\t\t\t\t\t\t<span class=\"elementor-button-content-wrapper\">\n\t\t\t\t\t\t\t\t\t<span class=\"elementor-button-text\">zu den Preisen<\/span>\n\t\t\t\t\t<\/span>\n\t\t\t\t\t<\/a>\n\t\t\t\t<\/div>\n\t\t\t\t\t\t\t\t<\/div>\n\t\t\t\t<\/div>\n\t\t\t\t\t<\/div>\n\t\t<\/div>\n\t\t\t\t<div class=\"elementor-column elementor-col-50 elementor-inner-column elementor-element elementor-element-5115999\" data-id=\"5115999\" data-element_type=\"column\" data-e-type=\"column\">\n\t\t\t<div class=\"elementor-widget-wrap elementor-element-populated\">\n\t\t\t\t\t\t<div class=\"elementor-element elementor-element-8f73d9b elementor-align-center elementor-widget elementor-widget-button\" data-id=\"8f73d9b\" data-element_type=\"widget\" data-e-type=\"widget\" data-widget_type=\"button.default\">\n\t\t\t\t<div class=\"elementor-widget-container\">\n\t\t\t\t\t\t\t\t\t<div class=\"elementor-button-wrapper\">\n\t\t\t\t\t<a class=\"elementor-button elementor-button-link elementor-size-md\" href=\"http:\/\/www.halirsch-ahrenshoop.de\/?page_id=38\">\n\t\t\t\t\t\t<span class=\"elementor-button-content-wrapper\">\n\t\t\t\t\t\t\t\t\t<span class=\"elementor-button-text\">jetzt reservieren<\/span>\n\t\t\t\t\t<\/span>\n\t\t\t\t\t<\/a>\n\t\t\t\t<\/div>\n\t\t\t\t\t\t\t\t<\/div>\n\t\t\t\t<\/div>\n\t\t\t\t\t<\/div>\n\t\t<\/div>\n\t\t\t\t\t<\/div>\n\t\t<\/section>\n\t\t\t\t<div class=\"elementor-element elementor-element-3c9b1f1 elementor-widget elementor-widget-spacer\" data-id=\"3c9b1f1\" data-element_type=\"widget\" data-e-type=\"widget\" data-widget_type=\"spacer.default\">\n\t\t\t\t<div class=\"elementor-widget-container\">\n\t\t\t\t\t\t\t<div class=\"elementor-spacer\">\n\t\t\t<div class=\"elementor-spacer-inner\"><\/div>\n\t\t<\/div>\n\t\t\t\t\t\t<\/div>\n\t\t\t\t<\/div>\n\t\t\t\t\t<\/div>\n\t\t<\/div>\n\t\t\t\t\t<\/div>\n\t\t<\/section>\n\t\t\t\t<section class=\"elementor-section elementor-top-section elementor-element elementor-element-92cfb79 elementor-section-boxed elementor-section-height-default elementor-section-height-default\" data-id=\"92cfb79\" data-element_type=\"section\" data-e-type=\"section\">\n\t\t\t\t\t\t<div class=\"elementor-container elementor-column-gap-default\">\n\t\t\t\t\t<div class=\"elementor-column elementor-col-50 elementor-top-column elementor-element elementor-element-58e6b17\" data-id=\"58e6b17\" data-element_type=\"column\" data-e-type=\"column\">\n\t\t\t<div class=\"elementor-widget-wrap elementor-element-populated\">\n\t\t\t\t\t\t<div class=\"elementor-element elementor-element-4d31a69 gallery-spacing-custom elementor-widget__width-initial elementor-widget elementor-widget-image-gallery\" data-id=\"4d31a69\" data-element_type=\"widget\" data-e-type=\"widget\" data-settings=\"{&quot;_animation&quot;:&quot;none&quot;}\" data-widget_type=\"image-gallery.default\">\n\t\t\t\t<div class=\"elementor-widget-container\">\n\t\t\t\t\t\t\t<div class=\"elementor-image-gallery\">\n\t\t\t<div id='gallery-1' class='gallery galleryid-167 gallery-columns-4 gallery-size-thumbnail'><figure class='gallery-item'>\n\t\t\t<div class='gallery-icon landscape'>\n\t\t\t\t<a data-elementor-open-lightbox=\"yes\" data-elementor-lightbox-slideshow=\"4d31a69\" data-elementor-lightbox-title=\"IMG_20210630_172337\" data-e-action-hash=\"#elementor-action%3Aaction%3Dlightbox%26settings%3DeyJpZCI6NTYzLCJ1cmwiOiJodHRwczpcL1wvd3d3LmhhbGlyc2NoLWFocmVuc2hvb3AuZGVcL3dvcmRwcmVzc1wvd3AtY29udGVudFwvdXBsb2Fkc1wvMjAyMlwvMTFcL0lNR18yMDIxMDYzMF8xNzIzMzctc2NhbGVkLmpwZyIsInNsaWRlc2hvdyI6IjRkMzFhNjkifQ%3D%3D\" href='https:\/\/www.halirsch-ahrenshoop.de\/wordpress\/wp-content\/uploads\/2022\/11\/IMG_20210630_172337-scaled.jpg'><img decoding=\"async\" width=\"150\" height=\"150\" src=\"https:\/\/www.halirsch-ahrenshoop.de\/wordpress\/wp-content\/uploads\/2022\/11\/IMG_20210630_172337-150x150.jpg\" class=\"attachment-thumbnail size-thumbnail\" alt=\"\" srcset=\"https:\/\/www.halirsch-ahrenshoop.de\/wordpress\/wp-content\/uploads\/2022\/11\/IMG_20210630_172337-150x150.jpg 150w, https:\/\/www.halirsch-ahrenshoop.de\/wordpress\/wp-content\/uploads\/2022\/11\/IMG_20210630_172337-600x600.jpg 600w\" sizes=\"(max-width: 150px) 100vw, 150px\" \/><\/a>\n\t\t\t<\/div><\/figure><figure class='gallery-item'>\n\t\t\t<div class='gallery-icon landscape'>\n\t\t\t\t<a data-elementor-open-lightbox=\"yes\" data-elementor-lightbox-slideshow=\"4d31a69\" data-elementor-lightbox-title=\"schlafzimmer\" data-e-action-hash=\"#elementor-action%3Aaction%3Dlightbox%26settings%3DeyJpZCI6MTg2LCJ1cmwiOiJodHRwczpcL1wvd3d3LmhhbGlyc2NoLWFocmVuc2hvb3AuZGVcL3dvcmRwcmVzc1wvd3AtY29udGVudFwvdXBsb2Fkc1wvMjAxOVwvMTJcL3NjaGxhZnppbW1lci0xLmpwZyIsInNsaWRlc2hvdyI6IjRkMzFhNjkifQ%3D%3D\" href='https:\/\/www.halirsch-ahrenshoop.de\/wordpress\/wp-content\/uploads\/2019\/12\/schlafzimmer-1.jpg'><img decoding=\"async\" width=\"150\" height=\"150\" src=\"https:\/\/www.halirsch-ahrenshoop.de\/wordpress\/wp-content\/uploads\/2019\/12\/schlafzimmer-1-150x150.jpg\" class=\"attachment-thumbnail size-thumbnail\" alt=\"\" \/><\/a>\n\t\t\t<\/div><\/figure><figure class='gallery-item'>\n\t\t\t<div class='gallery-icon landscape'>\n\t\t\t\t<a data-elementor-open-lightbox=\"yes\" data-elementor-lightbox-slideshow=\"4d31a69\" data-elementor-lightbox-title=\"SONY DSC\" data-e-action-hash=\"#elementor-action%3Aaction%3Dlightbox%26settings%3DeyJpZCI6MzM5LCJ1cmwiOiJodHRwczpcL1wvd3d3LmhhbGlyc2NoLWFocmVuc2hvb3AuZGVcL3dvcmRwcmVzc1wvd3AtY29udGVudFwvdXBsb2Fkc1wvMjAxOVwvMTJcL2JhbGtvbndvaG51bmcta1x1MDBmY2NoZW5lY2tlLmpwZyIsInNsaWRlc2hvdyI6IjRkMzFhNjkifQ%3D%3D\" href='https:\/\/www.halirsch-ahrenshoop.de\/wordpress\/wp-content\/uploads\/2019\/12\/balkonwohnung-k\u00fcchenecke.jpg'><img loading=\"lazy\" decoding=\"async\" width=\"150\" height=\"150\" src=\"https:\/\/www.halirsch-ahrenshoop.de\/wordpress\/wp-content\/uploads\/2019\/12\/balkonwohnung-k\u00fcchenecke-150x150.jpg\" class=\"attachment-thumbnail size-thumbnail\" alt=\"\" \/><\/a>\n\t\t\t<\/div><\/figure><figure class='gallery-item'>\n\t\t\t<div class='gallery-icon landscape'>\n\t\t\t\t<a data-elementor-open-lightbox=\"yes\" data-elementor-lightbox-slideshow=\"4d31a69\" data-elementor-lightbox-title=\"bad-mit-dusche\" data-e-action-hash=\"#elementor-action%3Aaction%3Dlightbox%26settings%3DeyJpZCI6MTg0LCJ1cmwiOiJodHRwczpcL1wvd3d3LmhhbGlyc2NoLWFocmVuc2hvb3AuZGVcL3dvcmRwcmVzc1wvd3AtY29udGVudFwvdXBsb2Fkc1wvMjAxOVwvMTJcL2JhZC1taXQtZHVzY2hlLmpwZyIsInNsaWRlc2hvdyI6IjRkMzFhNjkifQ%3D%3D\" href='https:\/\/www.halirsch-ahrenshoop.de\/wordpress\/wp-content\/uploads\/2019\/12\/bad-mit-dusche.jpg'><img loading=\"lazy\" decoding=\"async\" width=\"150\" height=\"150\" src=\"https:\/\/www.halirsch-ahrenshoop.de\/wordpress\/wp-content\/uploads\/2019\/12\/bad-mit-dusche-150x150.jpg\" class=\"attachment-thumbnail size-thumbnail\" alt=\"\" \/><\/a>\n\t\t\t<\/div><\/figure><figure class='gallery-item'>\n\t\t\t<div class='gallery-icon landscape'>\n\t\t\t\t<a data-elementor-open-lightbox=\"yes\" data-elementor-lightbox-slideshow=\"4d31a69\" data-elementor-lightbox-title=\"suedbalkon\" data-e-action-hash=\"#elementor-action%3Aaction%3Dlightbox%26settings%3DeyJpZCI6MTg4LCJ1cmwiOiJodHRwczpcL1wvd3d3LmhhbGlyc2NoLWFocmVuc2hvb3AuZGVcL3dvcmRwcmVzc1wvd3AtY29udGVudFwvdXBsb2Fkc1wvMjAxOVwvMTJcL3N1ZWRiYWxrb24tMS5qcGciLCJzbGlkZXNob3ciOiI0ZDMxYTY5In0%3D\" href='https:\/\/www.halirsch-ahrenshoop.de\/wordpress\/wp-content\/uploads\/2019\/12\/suedbalkon-1.jpg'><img loading=\"lazy\" decoding=\"async\" width=\"150\" height=\"150\" src=\"https:\/\/www.halirsch-ahrenshoop.de\/wordpress\/wp-content\/uploads\/2019\/12\/suedbalkon-1-150x150.jpg\" class=\"attachment-thumbnail size-thumbnail\" alt=\"\" \/><\/a>\n\t\t\t<\/div><\/figure><figure class='gallery-item'>\n\t\t\t<div class='gallery-icon landscape'>\n\t\t\t\t<a data-elementor-open-lightbox=\"yes\" data-elementor-lightbox-slideshow=\"4d31a69\" data-elementor-lightbox-title=\"sonnenuntergang-blick-aus-ihrem-wohnzimmer\" data-e-action-hash=\"#elementor-action%3Aaction%3Dlightbox%26settings%3DeyJpZCI6MTg3LCJ1cmwiOiJodHRwczpcL1wvd3d3LmhhbGlyc2NoLWFocmVuc2hvb3AuZGVcL3dvcmRwcmVzc1wvd3AtY29udGVudFwvdXBsb2Fkc1wvMjAxOVwvMTJcL3Nvbm5lbnVudGVyZ2FuZy1ibGljay1hdXMtaWhyZW0td29obnppbW1lci5qcGciLCJzbGlkZXNob3ciOiI0ZDMxYTY5In0%3D\" href='https:\/\/www.halirsch-ahrenshoop.de\/wordpress\/wp-content\/uploads\/2019\/12\/sonnenuntergang-blick-aus-ihrem-wohnzimmer.jpg'><img loading=\"lazy\" decoding=\"async\" width=\"150\" height=\"150\" src=\"https:\/\/www.halirsch-ahrenshoop.de\/wordpress\/wp-content\/uploads\/2019\/12\/sonnenuntergang-blick-aus-ihrem-wohnzimmer-150x150.jpg\" class=\"attachment-thumbnail size-thumbnail\" alt=\"\" \/><\/a>\n\t\t\t<\/div><\/figure><figure class='gallery-item'>\n\t\t\t<div class='gallery-icon landscape'>\n\t\t\t\t<a data-elementor-open-lightbox=\"yes\" data-elementor-lightbox-slideshow=\"4d31a69\" data-elementor-lightbox-title=\"sauna-jeweils-von-einer-ferienwohnung-nutzbar\" data-e-action-hash=\"#elementor-action%3Aaction%3Dlightbox%26settings%3DeyJpZCI6MzQzLCJ1cmwiOiJodHRwczpcL1wvd3d3LmhhbGlyc2NoLWFocmVuc2hvb3AuZGVcL3dvcmRwcmVzc1wvd3AtY29udGVudFwvdXBsb2Fkc1wvMjAxOVwvMTJcL3NhdW5hLWpld2VpbHMtdm9uLWVpbmVyLWZlcmllbndvaG51bmctbnV0emJhci5qcGciLCJzbGlkZXNob3ciOiI0ZDMxYTY5In0%3D\" href='https:\/\/www.halirsch-ahrenshoop.de\/wordpress\/wp-content\/uploads\/2019\/12\/sauna-jeweils-von-einer-ferienwohnung-nutzbar.jpg'><img loading=\"lazy\" decoding=\"async\" width=\"150\" height=\"150\" src=\"https:\/\/www.halirsch-ahrenshoop.de\/wordpress\/wp-content\/uploads\/2019\/12\/sauna-jeweils-von-einer-ferienwohnung-nutzbar-150x150.jpg\" class=\"attachment-thumbnail size-thumbnail\" alt=\"\" \/><\/a>\n\t\t\t<\/div><\/figure><figure class='gallery-item'>\n\t\t\t<div class='gallery-icon landscape'>\n\t\t\t\t<a data-elementor-open-lightbox=\"yes\" data-elementor-lightbox-slideshow=\"4d31a69\" data-elementor-lightbox-title=\"sauna-im-souterrain-fuer-alle-4-ferienwohnungen\" data-e-action-hash=\"#elementor-action%3Aaction%3Dlightbox%26settings%3DeyJpZCI6MzQyLCJ1cmwiOiJodHRwczpcL1wvd3d3LmhhbGlyc2NoLWFocmVuc2hvb3AuZGVcL3dvcmRwcmVzc1wvd3AtY29udGVudFwvdXBsb2Fkc1wvMjAxOVwvMTJcL3NhdW5hLWltLXNvdXRlcnJhaW4tZnVlci1hbGxlLTQtZmVyaWVud29obnVuZ2VuLmpwZyIsInNsaWRlc2hvdyI6IjRkMzFhNjkifQ%3D%3D\" href='https:\/\/www.halirsch-ahrenshoop.de\/wordpress\/wp-content\/uploads\/2019\/12\/sauna-im-souterrain-fuer-alle-4-ferienwohnungen.jpg'><img loading=\"lazy\" decoding=\"async\" width=\"150\" height=\"150\" src=\"https:\/\/www.halirsch-ahrenshoop.de\/wordpress\/wp-content\/uploads\/2019\/12\/sauna-im-souterrain-fuer-alle-4-ferienwohnungen-150x150.jpg\" class=\"attachment-thumbnail size-thumbnail\" alt=\"\" \/><\/a>\n\t\t\t<\/div><\/figure>\n\t\t<\/div>\n\t\t<\/div>\n\t\t\t\t\t\t<\/div>\n\t\t\t\t<\/div>\n\t\t\t\t\t<\/div>\n\t\t<\/div>\n\t\t\t\t<div class=\"elementor-column elementor-col-50 elementor-top-column elementor-element elementor-element-8d2a78f\" data-id=\"8d2a78f\" data-element_type=\"column\" data-e-type=\"column\">\n\t\t\t<div class=\"elementor-widget-wrap\">\n\t\t\t\t\t\t\t<\/div>\n\t\t<\/div>\n\t\t\t\t\t<\/div>\n\t\t<\/section>\n\t\t\t\t<section class=\"elementor-section elementor-top-section elementor-element elementor-element-598bf4c elementor-section-boxed elementor-section-height-default elementor-section-height-default\" data-id=\"598bf4c\" data-element_type=\"section\" data-e-type=\"section\">\n\t\t\t\t\t\t<div class=\"elementor-container elementor-column-gap-default\">\n\t\t\t\t\t<div class=\"elementor-column elementor-col-50 elementor-top-column elementor-element elementor-element-0f12251\" data-id=\"0f12251\" data-element_type=\"column\" data-e-type=\"column\">\n\t\t\t<div class=\"elementor-widget-wrap elementor-element-populated\">\n\t\t\t\t\t\t<div class=\"elementor-element elementor-element-90dc491 elementor-align-center elementor-hidden-desktop elementor-widget elementor-widget-button\" data-id=\"90dc491\" data-element_type=\"widget\" data-e-type=\"widget\" data-widget_type=\"button.default\">\n\t\t\t\t<div class=\"elementor-widget-container\">\n\t\t\t\t\t\t\t\t\t<div class=\"elementor-button-wrapper\">\n\t\t\t\t\t<a class=\"elementor-button elementor-button-link elementor-size-md\" href=\"http:\/\/www.halirsch-ahrenshoop.de\/?page_id=31\">\n\t\t\t\t\t\t<span class=\"elementor-button-content-wrapper\">\n\t\t\t\t\t\t\t\t\t<span class=\"elementor-button-text\">zu den Preisen<\/span>\n\t\t\t\t\t<\/span>\n\t\t\t\t\t<\/a>\n\t\t\t\t<\/div>\n\t\t\t\t\t\t\t\t<\/div>\n\t\t\t\t<\/div>\n\t\t\t\t\t<\/div>\n\t\t<\/div>\n\t\t\t\t<div class=\"elementor-column elementor-col-50 elementor-top-column elementor-element elementor-element-7276502\" data-id=\"7276502\" data-element_type=\"column\" data-e-type=\"column\">\n\t\t\t<div class=\"elementor-widget-wrap elementor-element-populated\">\n\t\t\t\t\t\t<div class=\"elementor-element elementor-element-fab2913 elementor-align-center elementor-hidden-desktop elementor-widget elementor-widget-button\" data-id=\"fab2913\" data-element_type=\"widget\" data-e-type=\"widget\" data-widget_type=\"button.default\">\n\t\t\t\t<div class=\"elementor-widget-container\">\n\t\t\t\t\t\t\t\t\t<div class=\"elementor-button-wrapper\">\n\t\t\t\t\t<a class=\"elementor-button elementor-button-link elementor-size-md\" href=\"http:\/\/www.halirsch-ahrenshoop.de\/?page_id=38\">\n\t\t\t\t\t\t<span class=\"elementor-button-content-wrapper\">\n\t\t\t\t\t\t\t\t\t<span class=\"elementor-button-text\">jetzt reservieren<\/span>\n\t\t\t\t\t<\/span>\n\t\t\t\t\t<\/a>\n\t\t\t\t<\/div>\n\t\t\t\t\t\t\t\t<\/div>\n\t\t\t\t<\/div>\n\t\t\t\t\t<\/div>\n\t\t<\/div>\n\t\t\t\t\t<\/div>\n\t\t<\/section>\n\t\t\t\t<\/div>\n\t\t","protected":false},"excerpt":{"rendered":"<p>Balkonwohnung &gt; Wohnzimmer mit K\u00fcchenecke &nbsp;&nbsp;&nbsp;&nbsp;&nbsp; &gt; SAT &#8211; TV, CD &#8211; Radio, WLAN &nbsp;&nbsp; &nbsp;&nbsp; &gt; K\u00fcchenecke mit Backofen &nbsp;&nbsp;&nbsp;&nbsp;&nbsp; &gt; K\u00fchlschrank &nbsp; &nbsp; &nbsp; &gt; Kaffeemaschine &nbsp;&nbsp;&nbsp;&nbsp;&nbsp; &gt; Toaster &nbsp;&nbsp;&nbsp;&nbsp;&nbsp; &gt; Wasserkocher &nbsp;&gt; Schlafzimmer f\u00fcr 3 Personen &nbsp;&nbsp;&nbsp;&nbsp;&nbsp; &gt; Zustellm\u00f6glichkeit f\u00fcr ein Baby- oder G\u00e4stebett &gt; Badezimmer mit Dusche\/WC &gt; Balkon &gt; 1. [&hellip;]<\/p>\n","protected":false},"author":1,"featured_media":0,"parent":0,"menu_order":0,"comment_status":"closed","ping_status":"closed","template":"elementor_header_footer","meta":{"footnotes":""},"class_list":["post-167","page","type-page","status-publish","hentry","entry"],"_links":{"self":[{"href":"https:\/\/www.halirsch-ahrenshoop.de\/index.php?rest_route=\/wp\/v2\/pages\/167","targetHints":{"allow":["GET"]}}],"collection":[{"href":"https:\/\/www.halirsch-ahrenshoop.de\/index.php?rest_route=\/wp\/v2\/pages"}],"about":[{"href":"https:\/\/www.halirsch-ahrenshoop.de\/index.php?rest_route=\/wp\/v2\/types\/page"}],"author":[{"embeddable":true,"href":"https:\/\/www.halirsch-ahrenshoop.de\/index.php?rest_route=\/wp\/v2\/users\/1"}],"replies":[{"embeddable":true,"href":"https:\/\/www.halirsch-ahrenshoop.de\/index.php?rest_route=%2Fwp%2Fv2%2Fcomments&post=167"}],"version-history":[{"count":34,"href":"https:\/\/www.halirsch-ahrenshoop.de\/index.php?rest_route=\/wp\/v2\/pages\/167\/revisions"}],"predecessor-version":[{"id":651,"href":"https:\/\/www.halirsch-ahrenshoop.de\/index.php?rest_route=\/wp\/v2\/pages\/167\/revisions\/651"}],"wp:attachment":[{"href":"https:\/\/www.halirsch-ahrenshoop.de\/index.php?rest_route=%2Fwp%2Fv2%2Fmedia&parent=167"}],"curies":[{"name":"wp","href":"https:\/\/api.w.org\/{rel}","templated":true}]}}