{"id":150,"date":"2019-12-21T21:20:19","date_gmt":"2019-12-21T20:20:19","guid":{"rendered":"http:\/\/www.halirsch-ahrenshoop.de\/wordpress\/?page_id=150"},"modified":"2023-09-06T13:59:23","modified_gmt":"2023-09-06T11:59:23","slug":"boddenwohnung-2","status":"publish","type":"page","link":"https:\/\/www.halirsch-ahrenshoop.de\/?page_id=150","title":{"rendered":"Boddenwohnung"},"content":{"rendered":"\t\t<div data-elementor-type=\"wp-page\" data-elementor-id=\"150\" class=\"elementor elementor-150\">\n\t\t\t\t\t\t<section class=\"elementor-section elementor-top-section elementor-element elementor-element-37f780b elementor-section-boxed elementor-section-height-default elementor-section-height-default\" data-id=\"37f780b\" data-element_type=\"section\" data-e-type=\"section\">\n\t\t\t\t\t\t<div class=\"elementor-container elementor-column-gap-default\">\n\t\t\t\t\t<div class=\"elementor-column elementor-col-100 elementor-top-column elementor-element elementor-element-7dd6b31\" data-id=\"7dd6b31\" data-element_type=\"column\" data-e-type=\"column\">\n\t\t\t<div class=\"elementor-widget-wrap elementor-element-populated\">\n\t\t\t\t\t\t<div class=\"elementor-element elementor-element-a6b5233 elementor-widget elementor-widget-spacer\" data-id=\"a6b5233\" data-element_type=\"widget\" data-e-type=\"widget\" data-widget_type=\"spacer.default\">\n\t\t\t\t<div class=\"elementor-widget-container\">\n\t\t\t\t\t\t\t<div class=\"elementor-spacer\">\n\t\t\t<div class=\"elementor-spacer-inner\"><\/div>\n\t\t<\/div>\n\t\t\t\t\t\t<\/div>\n\t\t\t\t<\/div>\n\t\t\t\t<div class=\"elementor-element elementor-element-223b3a6 elementor-widget elementor-widget-heading\" data-id=\"223b3a6\" data-element_type=\"widget\" data-e-type=\"widget\" data-widget_type=\"heading.default\">\n\t\t\t\t<div class=\"elementor-widget-container\">\n\t\t\t\t\t<h1 class=\"elementor-heading-title elementor-size-default\">Boddenwohnung<\/h1>\t\t\t\t<\/div>\n\t\t\t\t<\/div>\n\t\t\t\t<div class=\"elementor-element elementor-element-e552537 elementor-widget elementor-widget-spacer\" data-id=\"e552537\" data-element_type=\"widget\" data-e-type=\"widget\" data-widget_type=\"spacer.default\">\n\t\t\t\t<div class=\"elementor-widget-container\">\n\t\t\t\t\t\t\t<div class=\"elementor-spacer\">\n\t\t\t<div class=\"elementor-spacer-inner\"><\/div>\n\t\t<\/div>\n\t\t\t\t\t\t<\/div>\n\t\t\t\t<\/div>\n\t\t\t\t\t<\/div>\n\t\t<\/div>\n\t\t\t\t\t<\/div>\n\t\t<\/section>\n\t\t\t\t<section class=\"elementor-section elementor-top-section elementor-element elementor-element-e5b36ec elementor-section-boxed elementor-section-height-default elementor-section-height-default\" data-id=\"e5b36ec\" data-element_type=\"section\" data-e-type=\"section\">\n\t\t\t\t\t\t<div class=\"elementor-container elementor-column-gap-default\">\n\t\t\t\t\t<div class=\"elementor-column elementor-col-50 elementor-top-column elementor-element elementor-element-acd6c8a\" data-id=\"acd6c8a\" data-element_type=\"column\" data-e-type=\"column\">\n\t\t\t<div class=\"elementor-widget-wrap elementor-element-populated\">\n\t\t\t\t\t\t<div class=\"elementor-element elementor-element-0c01a5c elementor-widget elementor-widget-text-editor\" data-id=\"0c01a5c\" data-element_type=\"widget\" data-e-type=\"widget\" data-widget_type=\"text-editor.default\">\n\t\t\t\t<div class=\"elementor-widget-container\">\n\t\t\t\t\t\t\t\t\t<p>&gt; Wohnzimmer mit K\u00fcchenecke<\/p><p>&nbsp;&nbsp;&nbsp;&nbsp;&nbsp; &gt; &nbsp; &gt; SAT &#8211; TV, CD &#8211; Radio, WLAN<\/p>\n<p>&nbsp; &nbsp; &nbsp; &gt; K\u00fcchenecke mit Backofen<\/p>\n<p>&nbsp; &nbsp; &nbsp; &gt; gro\u00dfer K\u00fchlschrank mit Gefrierfach<\/p>\n<p>&nbsp; &nbsp; &nbsp; &gt; Kaffeemaschine<\/p>\n<p>&nbsp; &nbsp; &nbsp; &gt; Toaster, Wasserkocher<\/p>\n<p>&gt; Boddenblick<\/p>\n<p>&gt; Schlafzimmer f\u00fcr 2 Personen<\/p>\n<p>&nbsp;&nbsp;&nbsp;&nbsp;&nbsp;&nbsp; &gt; mit Zustellm\u00f6glichkeit f\u00fcr ein Baby- oder G\u00e4stebett<\/p>\n<p>&gt; Badezimmer mit Dusche und WC<\/p>\n<p>&gt; 1. Etage<\/p>\n<p>&gt; separate Terrasse im Garten<\/p>\n<p>&gt; Gr\u00f6\u00dfe: 45 m\u00b2<\/p>\n<p>&gt; Sauna im Souterrain f\u00fcr alle Ferienwohnungen f\u00fcr je 3 Personen<\/p>\t\t\t\t\t\t\t\t<\/div>\n\t\t\t\t<\/div>\n\t\t\t\t\t<\/div>\n\t\t<\/div>\n\t\t\t\t<div class=\"elementor-column elementor-col-50 elementor-top-column elementor-element elementor-element-7154b30\" data-id=\"7154b30\" data-element_type=\"column\" data-e-type=\"column\">\n\t\t\t<div class=\"elementor-widget-wrap elementor-element-populated\">\n\t\t\t\t\t\t<div class=\"elementor-element elementor-element-8fed31a elementor-widget elementor-widget-spacer\" data-id=\"8fed31a\" data-element_type=\"widget\" data-e-type=\"widget\" data-widget_type=\"spacer.default\">\n\t\t\t\t<div class=\"elementor-widget-container\">\n\t\t\t\t\t\t\t<div class=\"elementor-spacer\">\n\t\t\t<div class=\"elementor-spacer-inner\"><\/div>\n\t\t<\/div>\n\t\t\t\t\t\t<\/div>\n\t\t\t\t<\/div>\n\t\t\t\t<div class=\"elementor-element elementor-element-5c6586d elementor-widget elementor-widget-image\" data-id=\"5c6586d\" data-element_type=\"widget\" data-e-type=\"widget\" data-settings=\"{&quot;_animation&quot;:&quot;none&quot;}\" data-widget_type=\"image.default\">\n\t\t\t\t<div class=\"elementor-widget-container\">\n\t\t\t\t\t\t\t\t\t\t\t\t\t\t\t<img fetchpriority=\"high\" decoding=\"async\" width=\"1024\" height=\"768\" src=\"https:\/\/www.halirsch-ahrenshoop.de\/wordpress\/wp-content\/uploads\/2021\/06\/wohnzimmer-mit-kuechenecke-1024x768.jpg\" class=\"attachment-large size-large wp-image-508\" alt=\"\" srcset=\"https:\/\/www.halirsch-ahrenshoop.de\/wordpress\/wp-content\/uploads\/2021\/06\/wohnzimmer-mit-kuechenecke-1024x768.jpg 1024w, https:\/\/www.halirsch-ahrenshoop.de\/wordpress\/wp-content\/uploads\/2021\/06\/wohnzimmer-mit-kuechenecke-300x225.jpg 300w, https:\/\/www.halirsch-ahrenshoop.de\/wordpress\/wp-content\/uploads\/2021\/06\/wohnzimmer-mit-kuechenecke-768x576.jpg 768w, https:\/\/www.halirsch-ahrenshoop.de\/wordpress\/wp-content\/uploads\/2021\/06\/wohnzimmer-mit-kuechenecke.jpg 1200w\" sizes=\"(max-width: 1024px) 100vw, 1024px\" \/>\t\t\t\t\t\t\t\t\t\t\t\t\t\t\t<\/div>\n\t\t\t\t<\/div>\n\t\t\t\t<section class=\"elementor-section elementor-inner-section elementor-element elementor-element-fdb275b elementor-section-boxed elementor-section-height-default elementor-section-height-default\" data-id=\"fdb275b\" data-element_type=\"section\" data-e-type=\"section\">\n\t\t\t\t\t\t<div class=\"elementor-container elementor-column-gap-default\">\n\t\t\t\t\t<div class=\"elementor-column elementor-col-50 elementor-inner-column elementor-element elementor-element-347c355\" data-id=\"347c355\" data-element_type=\"column\" data-e-type=\"column\">\n\t\t\t<div class=\"elementor-widget-wrap elementor-element-populated\">\n\t\t\t\t\t\t<div class=\"elementor-element elementor-element-55301c7 elementor-align-center elementor-widget elementor-widget-button\" data-id=\"55301c7\" data-element_type=\"widget\" data-e-type=\"widget\" data-widget_type=\"button.default\">\n\t\t\t\t<div class=\"elementor-widget-container\">\n\t\t\t\t\t\t\t\t\t<div class=\"elementor-button-wrapper\">\n\t\t\t\t\t<a class=\"elementor-button elementor-button-link elementor-size-md\" href=\"http:\/\/www.halirsch-ahrenshoop.de\/?page_id=31\">\n\t\t\t\t\t\t<span class=\"elementor-button-content-wrapper\">\n\t\t\t\t\t\t\t\t\t<span class=\"elementor-button-text\">zu den Preisen<\/span>\n\t\t\t\t\t<\/span>\n\t\t\t\t\t<\/a>\n\t\t\t\t<\/div>\n\t\t\t\t\t\t\t\t<\/div>\n\t\t\t\t<\/div>\n\t\t\t\t\t<\/div>\n\t\t<\/div>\n\t\t\t\t<div class=\"elementor-column elementor-col-50 elementor-inner-column elementor-element elementor-element-5115999\" data-id=\"5115999\" data-element_type=\"column\" data-e-type=\"column\">\n\t\t\t<div class=\"elementor-widget-wrap elementor-element-populated\">\n\t\t\t\t\t\t<div class=\"elementor-element elementor-element-8f73d9b elementor-align-center elementor-widget elementor-widget-button\" data-id=\"8f73d9b\" data-element_type=\"widget\" data-e-type=\"widget\" data-widget_type=\"button.default\">\n\t\t\t\t<div class=\"elementor-widget-container\">\n\t\t\t\t\t\t\t\t\t<div class=\"elementor-button-wrapper\">\n\t\t\t\t\t<a class=\"elementor-button elementor-button-link elementor-size-md\" href=\"http:\/\/www.halirsch-ahrenshoop.de\/?page_id=38\">\n\t\t\t\t\t\t<span class=\"elementor-button-content-wrapper\">\n\t\t\t\t\t\t\t\t\t<span class=\"elementor-button-text\">jetzt reservieren<\/span>\n\t\t\t\t\t<\/span>\n\t\t\t\t\t<\/a>\n\t\t\t\t<\/div>\n\t\t\t\t\t\t\t\t<\/div>\n\t\t\t\t<\/div>\n\t\t\t\t\t<\/div>\n\t\t<\/div>\n\t\t\t\t\t<\/div>\n\t\t<\/section>\n\t\t\t\t<div class=\"elementor-element elementor-element-3c9b1f1 elementor-widget elementor-widget-spacer\" data-id=\"3c9b1f1\" data-element_type=\"widget\" data-e-type=\"widget\" data-widget_type=\"spacer.default\">\n\t\t\t\t<div class=\"elementor-widget-container\">\n\t\t\t\t\t\t\t<div class=\"elementor-spacer\">\n\t\t\t<div class=\"elementor-spacer-inner\"><\/div>\n\t\t<\/div>\n\t\t\t\t\t\t<\/div>\n\t\t\t\t<\/div>\n\t\t\t\t\t<\/div>\n\t\t<\/div>\n\t\t\t\t\t<\/div>\n\t\t<\/section>\n\t\t\t\t<section class=\"elementor-section elementor-top-section elementor-element elementor-element-92cfb79 elementor-section-boxed elementor-section-height-default elementor-section-height-default\" data-id=\"92cfb79\" data-element_type=\"section\" data-e-type=\"section\">\n\t\t\t\t\t\t<div class=\"elementor-container elementor-column-gap-default\">\n\t\t\t\t\t<div class=\"elementor-column elementor-col-50 elementor-top-column elementor-element elementor-element-58e6b17\" data-id=\"58e6b17\" data-element_type=\"column\" data-e-type=\"column\">\n\t\t\t<div class=\"elementor-widget-wrap elementor-element-populated\">\n\t\t\t\t\t\t<div class=\"elementor-element elementor-element-4d31a69 gallery-spacing-custom elementor-widget__width-initial elementor-widget elementor-widget-image-gallery\" data-id=\"4d31a69\" data-element_type=\"widget\" data-e-type=\"widget\" data-settings=\"{&quot;_animation&quot;:&quot;none&quot;}\" data-widget_type=\"image-gallery.default\">\n\t\t\t\t<div class=\"elementor-widget-container\">\n\t\t\t\t\t\t\t<div class=\"elementor-image-gallery\">\n\t\t\t<div id='gallery-1' class='gallery galleryid-150 gallery-columns-3 gallery-size-thumbnail'><figure class='gallery-item'>\n\t\t\t<div class='gallery-icon landscape'>\n\t\t\t\t<a data-elementor-open-lightbox=\"yes\" data-elementor-lightbox-slideshow=\"4d31a69\" data-elementor-lightbox-title=\"wohnzimmer-mit-kuechenecke\" data-e-action-hash=\"#elementor-action%3Aaction%3Dlightbox%26settings%3DeyJpZCI6NTA4LCJ1cmwiOiJodHRwczpcL1wvd3d3LmhhbGlyc2NoLWFocmVuc2hvb3AuZGVcL3dvcmRwcmVzc1wvd3AtY29udGVudFwvdXBsb2Fkc1wvMjAyMVwvMDZcL3dvaG56aW1tZXItbWl0LWt1ZWNoZW5lY2tlLmpwZyIsInNsaWRlc2hvdyI6IjRkMzFhNjkifQ%3D%3D\" href='https:\/\/www.halirsch-ahrenshoop.de\/wordpress\/wp-content\/uploads\/2021\/06\/wohnzimmer-mit-kuechenecke.jpg'><img decoding=\"async\" width=\"150\" height=\"150\" src=\"https:\/\/www.halirsch-ahrenshoop.de\/wordpress\/wp-content\/uploads\/2021\/06\/wohnzimmer-mit-kuechenecke-150x150.jpg\" class=\"attachment-thumbnail size-thumbnail\" alt=\"\" \/><\/a>\n\t\t\t<\/div><\/figure><figure class='gallery-item'>\n\t\t\t<div class='gallery-icon landscape'>\n\t\t\t\t<a data-elementor-open-lightbox=\"yes\" data-elementor-lightbox-slideshow=\"4d31a69\" data-elementor-lightbox-title=\"wohnzimmer2\" data-e-action-hash=\"#elementor-action%3Aaction%3Dlightbox%26settings%3DeyJpZCI6MTY0LCJ1cmwiOiJodHRwczpcL1wvd3d3LmhhbGlyc2NoLWFocmVuc2hvb3AuZGVcL3dvcmRwcmVzc1wvd3AtY29udGVudFwvdXBsb2Fkc1wvMjAxOVwvMTJcL3dvaG56aW1tZXIyLmpwZyIsInNsaWRlc2hvdyI6IjRkMzFhNjkifQ%3D%3D\" href='https:\/\/www.halirsch-ahrenshoop.de\/wordpress\/wp-content\/uploads\/2019\/12\/wohnzimmer2.jpg'><img decoding=\"async\" width=\"150\" height=\"150\" src=\"https:\/\/www.halirsch-ahrenshoop.de\/wordpress\/wp-content\/uploads\/2019\/12\/wohnzimmer2-150x150.jpg\" class=\"attachment-thumbnail size-thumbnail\" alt=\"\" \/><\/a>\n\t\t\t<\/div><\/figure><figure class='gallery-item'>\n\t\t\t<div class='gallery-icon landscape'>\n\t\t\t\t<a data-elementor-open-lightbox=\"yes\" data-elementor-lightbox-slideshow=\"4d31a69\" data-elementor-lightbox-title=\"schlafzimmer-mit-boddenblick\" data-e-action-hash=\"#elementor-action%3Aaction%3Dlightbox%26settings%3DeyJpZCI6NTA3LCJ1cmwiOiJodHRwczpcL1wvd3d3LmhhbGlyc2NoLWFocmVuc2hvb3AuZGVcL3dvcmRwcmVzc1wvd3AtY29udGVudFwvdXBsb2Fkc1wvMjAyMVwvMDZcL3NjaGxhZnppbW1lci1taXQtYm9kZGVuYmxpY2suanBnIiwic2xpZGVzaG93IjoiNGQzMWE2OSJ9\" href='https:\/\/www.halirsch-ahrenshoop.de\/wordpress\/wp-content\/uploads\/2021\/06\/schlafzimmer-mit-boddenblick.jpg'><img loading=\"lazy\" decoding=\"async\" width=\"150\" height=\"150\" src=\"https:\/\/www.halirsch-ahrenshoop.de\/wordpress\/wp-content\/uploads\/2021\/06\/schlafzimmer-mit-boddenblick-150x150.jpg\" class=\"attachment-thumbnail size-thumbnail\" alt=\"\" \/><\/a>\n\t\t\t<\/div><\/figure><figure class='gallery-item'>\n\t\t\t<div class='gallery-icon landscape'>\n\t\t\t\t<a data-elementor-open-lightbox=\"yes\" data-elementor-lightbox-slideshow=\"4d31a69\" data-elementor-lightbox-title=\"schlafzimmer\" data-e-action-hash=\"#elementor-action%3Aaction%3Dlightbox%26settings%3DeyJpZCI6NTA2LCJ1cmwiOiJodHRwczpcL1wvd3d3LmhhbGlyc2NoLWFocmVuc2hvb3AuZGVcL3dvcmRwcmVzc1wvd3AtY29udGVudFwvdXBsb2Fkc1wvMjAyMVwvMDZcL3NjaGxhZnppbW1lci5qcGciLCJzbGlkZXNob3ciOiI0ZDMxYTY5In0%3D\" href='https:\/\/www.halirsch-ahrenshoop.de\/wordpress\/wp-content\/uploads\/2021\/06\/schlafzimmer.jpg'><img loading=\"lazy\" decoding=\"async\" width=\"150\" height=\"150\" src=\"https:\/\/www.halirsch-ahrenshoop.de\/wordpress\/wp-content\/uploads\/2021\/06\/schlafzimmer-150x150.jpg\" class=\"attachment-thumbnail size-thumbnail\" alt=\"\" \/><\/a>\n\t\t\t<\/div><\/figure><figure class='gallery-item'>\n\t\t\t<div class='gallery-icon landscape'>\n\t\t\t\t<a data-elementor-open-lightbox=\"yes\" data-elementor-lightbox-slideshow=\"4d31a69\" data-elementor-lightbox-title=\"kuechenecke-mit-backofen\" data-e-action-hash=\"#elementor-action%3Aaction%3Dlightbox%26settings%3DeyJpZCI6NTA1LCJ1cmwiOiJodHRwczpcL1wvd3d3LmhhbGlyc2NoLWFocmVuc2hvb3AuZGVcL3dvcmRwcmVzc1wvd3AtY29udGVudFwvdXBsb2Fkc1wvMjAyMVwvMDZcL2t1ZWNoZW5lY2tlLW1pdC1iYWNrb2Zlbi5qcGciLCJzbGlkZXNob3ciOiI0ZDMxYTY5In0%3D\" href='https:\/\/www.halirsch-ahrenshoop.de\/wordpress\/wp-content\/uploads\/2021\/06\/kuechenecke-mit-backofen.jpg'><img loading=\"lazy\" decoding=\"async\" width=\"150\" height=\"150\" src=\"https:\/\/www.halirsch-ahrenshoop.de\/wordpress\/wp-content\/uploads\/2021\/06\/kuechenecke-mit-backofen-150x150.jpg\" class=\"attachment-thumbnail size-thumbnail\" alt=\"\" \/><\/a>\n\t\t\t<\/div><\/figure><figure class='gallery-item'>\n\t\t\t<div class='gallery-icon landscape'>\n\t\t\t\t<a data-elementor-open-lightbox=\"yes\" data-elementor-lightbox-slideshow=\"4d31a69\" data-elementor-lightbox-title=\"bad\" data-e-action-hash=\"#elementor-action%3Aaction%3Dlightbox%26settings%3DeyJpZCI6NTA0LCJ1cmwiOiJodHRwczpcL1wvd3d3LmhhbGlyc2NoLWFocmVuc2hvb3AuZGVcL3dvcmRwcmVzc1wvd3AtY29udGVudFwvdXBsb2Fkc1wvMjAyMVwvMDZcL2JhZC5qcGciLCJzbGlkZXNob3ciOiI0ZDMxYTY5In0%3D\" href='https:\/\/www.halirsch-ahrenshoop.de\/wordpress\/wp-content\/uploads\/2021\/06\/bad.jpg'><img loading=\"lazy\" decoding=\"async\" width=\"150\" height=\"150\" src=\"https:\/\/www.halirsch-ahrenshoop.de\/wordpress\/wp-content\/uploads\/2021\/06\/bad-150x150.jpg\" class=\"attachment-thumbnail size-thumbnail\" alt=\"\" \/><\/a>\n\t\t\t<\/div><\/figure><figure class='gallery-item'>\n\t\t\t<div class='gallery-icon landscape'>\n\t\t\t\t<a data-elementor-open-lightbox=\"yes\" data-elementor-lightbox-slideshow=\"4d31a69\" data-elementor-lightbox-title=\"sitzgelegenheit-im-garten\" data-e-action-hash=\"#elementor-action%3Aaction%3Dlightbox%26settings%3DeyJpZCI6MTYyLCJ1cmwiOiJodHRwczpcL1wvd3d3LmhhbGlyc2NoLWFocmVuc2hvb3AuZGVcL3dvcmRwcmVzc1wvd3AtY29udGVudFwvdXBsb2Fkc1wvMjAxOVwvMTJcL3NpdHpnZWxlZ2VuaGVpdC1pbS1nYXJ0ZW4uanBnIiwic2xpZGVzaG93IjoiNGQzMWE2OSJ9\" href='https:\/\/www.halirsch-ahrenshoop.de\/wordpress\/wp-content\/uploads\/2019\/12\/sitzgelegenheit-im-garten.jpg'><img loading=\"lazy\" decoding=\"async\" width=\"150\" height=\"150\" src=\"https:\/\/www.halirsch-ahrenshoop.de\/wordpress\/wp-content\/uploads\/2019\/12\/sitzgelegenheit-im-garten-150x150.jpg\" class=\"attachment-thumbnail size-thumbnail\" alt=\"\" \/><\/a>\n\t\t\t<\/div><\/figure><figure class='gallery-item'>\n\t\t\t<div class='gallery-icon landscape'>\n\t\t\t\t<a data-elementor-open-lightbox=\"yes\" data-elementor-lightbox-slideshow=\"4d31a69\" data-elementor-lightbox-title=\"sauna-jeweils-von-einer-ferienwohnung-nutzbar\" data-e-action-hash=\"#elementor-action%3Aaction%3Dlightbox%26settings%3DeyJpZCI6MzQzLCJ1cmwiOiJodHRwczpcL1wvd3d3LmhhbGlyc2NoLWFocmVuc2hvb3AuZGVcL3dvcmRwcmVzc1wvd3AtY29udGVudFwvdXBsb2Fkc1wvMjAxOVwvMTJcL3NhdW5hLWpld2VpbHMtdm9uLWVpbmVyLWZlcmllbndvaG51bmctbnV0emJhci5qcGciLCJzbGlkZXNob3ciOiI0ZDMxYTY5In0%3D\" href='https:\/\/www.halirsch-ahrenshoop.de\/wordpress\/wp-content\/uploads\/2019\/12\/sauna-jeweils-von-einer-ferienwohnung-nutzbar.jpg'><img loading=\"lazy\" decoding=\"async\" width=\"150\" height=\"150\" src=\"https:\/\/www.halirsch-ahrenshoop.de\/wordpress\/wp-content\/uploads\/2019\/12\/sauna-jeweils-von-einer-ferienwohnung-nutzbar-150x150.jpg\" class=\"attachment-thumbnail size-thumbnail\" alt=\"\" \/><\/a>\n\t\t\t<\/div><\/figure><figure class='gallery-item'>\n\t\t\t<div class='gallery-icon landscape'>\n\t\t\t\t<a data-elementor-open-lightbox=\"yes\" data-elementor-lightbox-slideshow=\"4d31a69\" data-elementor-lightbox-title=\"sauna-im-souterrain-fuer-alle-4-ferienwohnungen\" data-e-action-hash=\"#elementor-action%3Aaction%3Dlightbox%26settings%3DeyJpZCI6MzQyLCJ1cmwiOiJodHRwczpcL1wvd3d3LmhhbGlyc2NoLWFocmVuc2hvb3AuZGVcL3dvcmRwcmVzc1wvd3AtY29udGVudFwvdXBsb2Fkc1wvMjAxOVwvMTJcL3NhdW5hLWltLXNvdXRlcnJhaW4tZnVlci1hbGxlLTQtZmVyaWVud29obnVuZ2VuLmpwZyIsInNsaWRlc2hvdyI6IjRkMzFhNjkifQ%3D%3D\" href='https:\/\/www.halirsch-ahrenshoop.de\/wordpress\/wp-content\/uploads\/2019\/12\/sauna-im-souterrain-fuer-alle-4-ferienwohnungen.jpg'><img loading=\"lazy\" decoding=\"async\" width=\"150\" height=\"150\" src=\"https:\/\/www.halirsch-ahrenshoop.de\/wordpress\/wp-content\/uploads\/2019\/12\/sauna-im-souterrain-fuer-alle-4-ferienwohnungen-150x150.jpg\" class=\"attachment-thumbnail size-thumbnail\" alt=\"\" \/><\/a>\n\t\t\t<\/div><\/figure>\n\t\t<\/div>\n\t\t<\/div>\n\t\t\t\t\t\t<\/div>\n\t\t\t\t<\/div>\n\t\t\t\t\t<\/div>\n\t\t<\/div>\n\t\t\t\t<div class=\"elementor-column elementor-col-50 elementor-top-column elementor-element elementor-element-8d2a78f\" data-id=\"8d2a78f\" data-element_type=\"column\" data-e-type=\"column\">\n\t\t\t<div class=\"elementor-widget-wrap\">\n\t\t\t\t\t\t\t<\/div>\n\t\t<\/div>\n\t\t\t\t\t<\/div>\n\t\t<\/section>\n\t\t\t\t<section class=\"elementor-section elementor-top-section elementor-element elementor-element-d03fa73 elementor-section-boxed elementor-section-height-default elementor-section-height-default\" data-id=\"d03fa73\" data-element_type=\"section\" data-e-type=\"section\">\n\t\t\t\t\t\t<div class=\"elementor-container elementor-column-gap-default\">\n\t\t\t\t\t<div class=\"elementor-column elementor-col-50 elementor-top-column elementor-element elementor-element-13640c5\" data-id=\"13640c5\" data-element_type=\"column\" data-e-type=\"column\">\n\t\t\t<div class=\"elementor-widget-wrap elementor-element-populated\">\n\t\t\t\t\t\t<div class=\"elementor-element elementor-element-2e9330d elementor-align-center elementor-hidden-desktop elementor-widget elementor-widget-button\" data-id=\"2e9330d\" data-element_type=\"widget\" data-e-type=\"widget\" data-widget_type=\"button.default\">\n\t\t\t\t<div class=\"elementor-widget-container\">\n\t\t\t\t\t\t\t\t\t<div class=\"elementor-button-wrapper\">\n\t\t\t\t\t<a class=\"elementor-button elementor-button-link elementor-size-md\" href=\"http:\/\/www.halirsch-ahrenshoop.de\/?page_id=31\">\n\t\t\t\t\t\t<span class=\"elementor-button-content-wrapper\">\n\t\t\t\t\t\t\t\t\t<span class=\"elementor-button-text\">zu den Preisen<\/span>\n\t\t\t\t\t<\/span>\n\t\t\t\t\t<\/a>\n\t\t\t\t<\/div>\n\t\t\t\t\t\t\t\t<\/div>\n\t\t\t\t<\/div>\n\t\t\t\t\t<\/div>\n\t\t<\/div>\n\t\t\t\t<div class=\"elementor-column elementor-col-50 elementor-top-column elementor-element elementor-element-9cc9f5a\" data-id=\"9cc9f5a\" data-element_type=\"column\" data-e-type=\"column\">\n\t\t\t<div class=\"elementor-widget-wrap elementor-element-populated\">\n\t\t\t\t\t\t<div class=\"elementor-element elementor-element-daa84be elementor-align-center elementor-hidden-desktop elementor-widget elementor-widget-button\" data-id=\"daa84be\" data-element_type=\"widget\" data-e-type=\"widget\" data-widget_type=\"button.default\">\n\t\t\t\t<div class=\"elementor-widget-container\">\n\t\t\t\t\t\t\t\t\t<div class=\"elementor-button-wrapper\">\n\t\t\t\t\t<a class=\"elementor-button elementor-button-link elementor-size-md\" href=\"http:\/\/www.halirsch-ahrenshoop.de\/?page_id=38\">\n\t\t\t\t\t\t<span class=\"elementor-button-content-wrapper\">\n\t\t\t\t\t\t\t\t\t<span class=\"elementor-button-text\">jetzt reservieren<\/span>\n\t\t\t\t\t<\/span>\n\t\t\t\t\t<\/a>\n\t\t\t\t<\/div>\n\t\t\t\t\t\t\t\t<\/div>\n\t\t\t\t<\/div>\n\t\t\t\t\t<\/div>\n\t\t<\/div>\n\t\t\t\t\t<\/div>\n\t\t<\/section>\n\t\t\t\t<\/div>\n\t\t","protected":false},"excerpt":{"rendered":"<p>Boddenwohnung &gt; Wohnzimmer mit K\u00fcchenecke &nbsp;&nbsp;&nbsp;&nbsp;&nbsp; &gt; &nbsp; &gt; SAT &#8211; TV, CD &#8211; Radio, WLAN &nbsp; &nbsp; &nbsp; &gt; K\u00fcchenecke mit Backofen &nbsp; &nbsp; &nbsp; &gt; gro\u00dfer K\u00fchlschrank mit Gefrierfach &nbsp; &nbsp; &nbsp; &gt; Kaffeemaschine &nbsp; &nbsp; &nbsp; &gt; Toaster, Wasserkocher &gt; Boddenblick &gt; Schlafzimmer f\u00fcr 2 Personen &nbsp;&nbsp;&nbsp;&nbsp;&nbsp;&nbsp; &gt; mit Zustellm\u00f6glichkeit f\u00fcr ein [&hellip;]<\/p>\n","protected":false},"author":1,"featured_media":0,"parent":0,"menu_order":0,"comment_status":"closed","ping_status":"closed","template":"elementor_header_footer","meta":{"footnotes":""},"class_list":["post-150","page","type-page","status-publish","hentry","entry"],"_links":{"self":[{"href":"https:\/\/www.halirsch-ahrenshoop.de\/index.php?rest_route=\/wp\/v2\/pages\/150","targetHints":{"allow":["GET"]}}],"collection":[{"href":"https:\/\/www.halirsch-ahrenshoop.de\/index.php?rest_route=\/wp\/v2\/pages"}],"about":[{"href":"https:\/\/www.halirsch-ahrenshoop.de\/index.php?rest_route=\/wp\/v2\/types\/page"}],"author":[{"embeddable":true,"href":"https:\/\/www.halirsch-ahrenshoop.de\/index.php?rest_route=\/wp\/v2\/users\/1"}],"replies":[{"embeddable":true,"href":"https:\/\/www.halirsch-ahrenshoop.de\/index.php?rest_route=%2Fwp%2Fv2%2Fcomments&post=150"}],"version-history":[{"count":30,"href":"https:\/\/www.halirsch-ahrenshoop.de\/index.php?rest_route=\/wp\/v2\/pages\/150\/revisions"}],"predecessor-version":[{"id":610,"href":"https:\/\/www.halirsch-ahrenshoop.de\/index.php?rest_route=\/wp\/v2\/pages\/150\/revisions\/610"}],"wp:attachment":[{"href":"https:\/\/www.halirsch-ahrenshoop.de\/index.php?rest_route=%2Fwp%2Fv2%2Fmedia&parent=150"}],"curies":[{"name":"wp","href":"https:\/\/api.w.org\/{rel}","templated":true}]}}