{"id":136,"date":"2019-12-21T21:09:43","date_gmt":"2019-12-21T20:09:43","guid":{"rendered":"http:\/\/www.halirsch-ahrenshoop.de\/wordpress\/?page_id=136"},"modified":"2023-09-06T13:54:00","modified_gmt":"2023-09-06T11:54:00","slug":"westwohnung","status":"publish","type":"page","link":"https:\/\/www.halirsch-ahrenshoop.de\/?page_id=136","title":{"rendered":"Westwohnung"},"content":{"rendered":"\t\t<div data-elementor-type=\"wp-page\" data-elementor-id=\"136\" class=\"elementor elementor-136\">\n\t\t\t\t\t\t<section class=\"elementor-section elementor-top-section elementor-element elementor-element-37f780b elementor-section-boxed elementor-section-height-default elementor-section-height-default\" data-id=\"37f780b\" data-element_type=\"section\" data-e-type=\"section\">\n\t\t\t\t\t\t<div class=\"elementor-container elementor-column-gap-default\">\n\t\t\t\t\t<div class=\"elementor-column elementor-col-100 elementor-top-column elementor-element elementor-element-7dd6b31\" data-id=\"7dd6b31\" data-element_type=\"column\" data-e-type=\"column\">\n\t\t\t<div class=\"elementor-widget-wrap elementor-element-populated\">\n\t\t\t\t\t\t<div class=\"elementor-element elementor-element-f589ffa elementor-widget elementor-widget-spacer\" data-id=\"f589ffa\" data-element_type=\"widget\" data-e-type=\"widget\" data-widget_type=\"spacer.default\">\n\t\t\t\t<div class=\"elementor-widget-container\">\n\t\t\t\t\t\t\t<div class=\"elementor-spacer\">\n\t\t\t<div class=\"elementor-spacer-inner\"><\/div>\n\t\t<\/div>\n\t\t\t\t\t\t<\/div>\n\t\t\t\t<\/div>\n\t\t\t\t<div class=\"elementor-element elementor-element-223b3a6 elementor-widget elementor-widget-heading\" data-id=\"223b3a6\" data-element_type=\"widget\" data-e-type=\"widget\" data-widget_type=\"heading.default\">\n\t\t\t\t<div class=\"elementor-widget-container\">\n\t\t\t\t\t<h1 class=\"elementor-heading-title elementor-size-default\">Westwohnung<\/h1>\t\t\t\t<\/div>\n\t\t\t\t<\/div>\n\t\t\t\t<div class=\"elementor-element elementor-element-f7b55b8 elementor-widget elementor-widget-spacer\" data-id=\"f7b55b8\" data-element_type=\"widget\" data-e-type=\"widget\" data-widget_type=\"spacer.default\">\n\t\t\t\t<div class=\"elementor-widget-container\">\n\t\t\t\t\t\t\t<div class=\"elementor-spacer\">\n\t\t\t<div class=\"elementor-spacer-inner\"><\/div>\n\t\t<\/div>\n\t\t\t\t\t\t<\/div>\n\t\t\t\t<\/div>\n\t\t\t\t\t<\/div>\n\t\t<\/div>\n\t\t\t\t\t<\/div>\n\t\t<\/section>\n\t\t\t\t<section class=\"elementor-section elementor-top-section elementor-element elementor-element-e5b36ec elementor-section-boxed elementor-section-height-default elementor-section-height-default\" data-id=\"e5b36ec\" data-element_type=\"section\" data-e-type=\"section\">\n\t\t\t\t\t\t<div class=\"elementor-container elementor-column-gap-default\">\n\t\t\t\t\t<div class=\"elementor-column elementor-col-50 elementor-top-column elementor-element elementor-element-acd6c8a\" data-id=\"acd6c8a\" data-element_type=\"column\" data-e-type=\"column\">\n\t\t\t<div class=\"elementor-widget-wrap elementor-element-populated\">\n\t\t\t\t\t\t<div class=\"elementor-element elementor-element-0c01a5c elementor-widget elementor-widget-text-editor\" data-id=\"0c01a5c\" data-element_type=\"widget\" data-e-type=\"widget\" data-widget_type=\"text-editor.default\">\n\t\t\t\t<div class=\"elementor-widget-container\">\n\t\t\t\t\t\t\t\t\t<p>&gt; Maisonettewohnung \u00fcber 2 Etagen<\/p>\n<p>&gt; Wohnzimmer mit K\u00fcchen- und Essecke<\/p>\n<p>&lt; SAT &#8211; TV, CD &#8211; Radio, WLAN<br><\/p>\n<p>&gt; K\u00fcchenecke mit<\/p>\n<p>&nbsp; &nbsp; &nbsp; &gt; Cerankochfeld (2 Platten)<\/p>\n<p>&nbsp; &nbsp; &nbsp; &gt; K\u00fchlschrank (kleines Gefrierfach)<\/p>\n<p>&nbsp; &nbsp; &nbsp; &gt; Kaffeemaschine<\/p>\n<p>&nbsp; &nbsp; &nbsp; &gt; Toaster<\/p>\n<p>&nbsp; &nbsp; &nbsp; &gt; Wasserkocher<\/p>\n<p>&gt; Schlafzimmer f\u00fcr 2 Personen (OG) mit Zustellm\u00f6glichkeit f\u00fcr ein Baby- oder&nbsp;&nbsp;&nbsp; <br><\/p>\n<p>&nbsp;&nbsp; G\u00e4stebett<\/p>\n<p>&gt; Dusche, Waschbecken im Schlafzimmer, WC extra<\/p>\n<p>&gt; Terrasse zusammen mit der Ostwohnung (nicht direkt von den Wohnungen <br><\/p>\n<p>&nbsp;&nbsp;&nbsp; zug\u00e4ngig)<\/p>\n<p>&gt; Gr\u00f6\u00dfe: 50 m\u00b2<\/p>\n<p>&gt; Sauna im Souterrain f\u00fcr alle Ferienwohnungen f\u00fcr je 3 Personen<br><\/p>\t\t\t\t\t\t\t\t<\/div>\n\t\t\t\t<\/div>\n\t\t\t\t\t<\/div>\n\t\t<\/div>\n\t\t\t\t<div class=\"elementor-column elementor-col-50 elementor-top-column elementor-element elementor-element-7154b30\" data-id=\"7154b30\" data-element_type=\"column\" data-e-type=\"column\">\n\t\t\t<div class=\"elementor-widget-wrap elementor-element-populated\">\n\t\t\t\t\t\t<div class=\"elementor-element elementor-element-8fed31a elementor-widget elementor-widget-spacer\" data-id=\"8fed31a\" data-element_type=\"widget\" data-e-type=\"widget\" data-widget_type=\"spacer.default\">\n\t\t\t\t<div class=\"elementor-widget-container\">\n\t\t\t\t\t\t\t<div class=\"elementor-spacer\">\n\t\t\t<div class=\"elementor-spacer-inner\"><\/div>\n\t\t<\/div>\n\t\t\t\t\t\t<\/div>\n\t\t\t\t<\/div>\n\t\t\t\t<div class=\"elementor-element elementor-element-5c6586d elementor-widget elementor-widget-image\" data-id=\"5c6586d\" data-element_type=\"widget\" data-e-type=\"widget\" data-settings=\"{&quot;_animation&quot;:&quot;none&quot;}\" data-widget_type=\"image.default\">\n\t\t\t\t<div class=\"elementor-widget-container\">\n\t\t\t\t\t\t\t\t\t\t\t\t\t\t\t<img fetchpriority=\"high\" decoding=\"async\" width=\"1024\" height=\"768\" src=\"https:\/\/www.halirsch-ahrenshoop.de\/wordpress\/wp-content\/uploads\/2019\/12\/wohnzimmer-mit-esstisch-1-1024x768.jpg\" class=\"attachment-large size-large wp-image-139\" alt=\"\" srcset=\"https:\/\/www.halirsch-ahrenshoop.de\/wordpress\/wp-content\/uploads\/2019\/12\/wohnzimmer-mit-esstisch-1-1024x768.jpg 1024w, https:\/\/www.halirsch-ahrenshoop.de\/wordpress\/wp-content\/uploads\/2019\/12\/wohnzimmer-mit-esstisch-1-300x225.jpg 300w, https:\/\/www.halirsch-ahrenshoop.de\/wordpress\/wp-content\/uploads\/2019\/12\/wohnzimmer-mit-esstisch-1-768x576.jpg 768w, https:\/\/www.halirsch-ahrenshoop.de\/wordpress\/wp-content\/uploads\/2019\/12\/wohnzimmer-mit-esstisch-1.jpg 1200w\" sizes=\"(max-width: 1024px) 100vw, 1024px\" \/>\t\t\t\t\t\t\t\t\t\t\t\t\t\t\t<\/div>\n\t\t\t\t<\/div>\n\t\t\t\t<section class=\"elementor-section elementor-inner-section elementor-element elementor-element-fdb275b elementor-section-boxed elementor-section-height-default elementor-section-height-default\" data-id=\"fdb275b\" data-element_type=\"section\" data-e-type=\"section\">\n\t\t\t\t\t\t<div class=\"elementor-container elementor-column-gap-default\">\n\t\t\t\t\t<div class=\"elementor-column elementor-col-50 elementor-inner-column elementor-element elementor-element-347c355\" data-id=\"347c355\" data-element_type=\"column\" data-e-type=\"column\">\n\t\t\t<div class=\"elementor-widget-wrap elementor-element-populated\">\n\t\t\t\t\t\t<div class=\"elementor-element elementor-element-55301c7 elementor-align-center elementor-widget elementor-widget-button\" data-id=\"55301c7\" data-element_type=\"widget\" data-e-type=\"widget\" data-widget_type=\"button.default\">\n\t\t\t\t<div class=\"elementor-widget-container\">\n\t\t\t\t\t\t\t\t\t<div class=\"elementor-button-wrapper\">\n\t\t\t\t\t<a class=\"elementor-button elementor-button-link elementor-size-md\" href=\"http:\/\/www.halirsch-ahrenshoop.de\/?page_id=31\">\n\t\t\t\t\t\t<span class=\"elementor-button-content-wrapper\">\n\t\t\t\t\t\t\t\t\t<span class=\"elementor-button-text\">zu den Preisen<\/span>\n\t\t\t\t\t<\/span>\n\t\t\t\t\t<\/a>\n\t\t\t\t<\/div>\n\t\t\t\t\t\t\t\t<\/div>\n\t\t\t\t<\/div>\n\t\t\t\t\t<\/div>\n\t\t<\/div>\n\t\t\t\t<div class=\"elementor-column elementor-col-50 elementor-inner-column elementor-element elementor-element-5115999\" data-id=\"5115999\" data-element_type=\"column\" data-e-type=\"column\">\n\t\t\t<div class=\"elementor-widget-wrap elementor-element-populated\">\n\t\t\t\t\t\t<div class=\"elementor-element elementor-element-8f73d9b elementor-align-center elementor-widget elementor-widget-button\" data-id=\"8f73d9b\" data-element_type=\"widget\" data-e-type=\"widget\" data-widget_type=\"button.default\">\n\t\t\t\t<div class=\"elementor-widget-container\">\n\t\t\t\t\t\t\t\t\t<div class=\"elementor-button-wrapper\">\n\t\t\t\t\t<a class=\"elementor-button elementor-button-link elementor-size-md\" href=\"http:\/\/www.halirsch-ahrenshoop.de\/?page_id=38\">\n\t\t\t\t\t\t<span class=\"elementor-button-content-wrapper\">\n\t\t\t\t\t\t\t\t\t<span class=\"elementor-button-text\">jetzt reservieren<\/span>\n\t\t\t\t\t<\/span>\n\t\t\t\t\t<\/a>\n\t\t\t\t<\/div>\n\t\t\t\t\t\t\t\t<\/div>\n\t\t\t\t<\/div>\n\t\t\t\t\t<\/div>\n\t\t<\/div>\n\t\t\t\t\t<\/div>\n\t\t<\/section>\n\t\t\t\t<div class=\"elementor-element elementor-element-3c9b1f1 elementor-widget elementor-widget-spacer\" data-id=\"3c9b1f1\" data-element_type=\"widget\" data-e-type=\"widget\" data-widget_type=\"spacer.default\">\n\t\t\t\t<div class=\"elementor-widget-container\">\n\t\t\t\t\t\t\t<div class=\"elementor-spacer\">\n\t\t\t<div class=\"elementor-spacer-inner\"><\/div>\n\t\t<\/div>\n\t\t\t\t\t\t<\/div>\n\t\t\t\t<\/div>\n\t\t\t\t\t<\/div>\n\t\t<\/div>\n\t\t\t\t\t<\/div>\n\t\t<\/section>\n\t\t\t\t<section class=\"elementor-section elementor-top-section elementor-element elementor-element-92cfb79 elementor-section-boxed elementor-section-height-default elementor-section-height-default\" data-id=\"92cfb79\" data-element_type=\"section\" data-e-type=\"section\">\n\t\t\t\t\t\t<div class=\"elementor-container elementor-column-gap-default\">\n\t\t\t\t\t<div class=\"elementor-column elementor-col-50 elementor-top-column elementor-element elementor-element-58e6b17\" data-id=\"58e6b17\" data-element_type=\"column\" data-e-type=\"column\">\n\t\t\t<div class=\"elementor-widget-wrap elementor-element-populated\">\n\t\t\t\t\t\t<div class=\"elementor-element elementor-element-4d31a69 gallery-spacing-custom elementor-widget__width-initial elementor-widget elementor-widget-image-gallery\" data-id=\"4d31a69\" data-element_type=\"widget\" data-e-type=\"widget\" data-settings=\"{&quot;_animation&quot;:&quot;none&quot;}\" data-widget_type=\"image-gallery.default\">\n\t\t\t\t<div class=\"elementor-widget-container\">\n\t\t\t\t\t\t\t<div class=\"elementor-image-gallery\">\n\t\t\t<div id='gallery-1' class='gallery galleryid-136 gallery-columns-3 gallery-size-thumbnail'><figure class='gallery-item'>\n\t\t\t<div class='gallery-icon landscape'>\n\t\t\t\t<a data-elementor-open-lightbox=\"yes\" data-elementor-lightbox-slideshow=\"4d31a69\" data-elementor-lightbox-title=\"wohnzimmer-im-erdgeschoss\" data-e-action-hash=\"#elementor-action%3Aaction%3Dlightbox%26settings%3DeyJpZCI6MTQ1LCJ1cmwiOiJodHRwczpcL1wvd3d3LmhhbGlyc2NoLWFocmVuc2hvb3AuZGVcL3dvcmRwcmVzc1wvd3AtY29udGVudFwvdXBsb2Fkc1wvMjAxOVwvMTJcL3dvaG56aW1tZXItaW0tZXJkZ2VzY2hvc3MuanBnIiwic2xpZGVzaG93IjoiNGQzMWE2OSJ9\" href='https:\/\/www.halirsch-ahrenshoop.de\/wordpress\/wp-content\/uploads\/2019\/12\/wohnzimmer-im-erdgeschoss.jpg'><img decoding=\"async\" width=\"150\" height=\"150\" src=\"https:\/\/www.halirsch-ahrenshoop.de\/wordpress\/wp-content\/uploads\/2019\/12\/wohnzimmer-im-erdgeschoss-150x150.jpg\" class=\"attachment-thumbnail size-thumbnail\" alt=\"\" \/><\/a>\n\t\t\t<\/div><\/figure><figure class='gallery-item'>\n\t\t\t<div class='gallery-icon landscape'>\n\t\t\t\t<a data-elementor-open-lightbox=\"yes\" data-elementor-lightbox-slideshow=\"4d31a69\" data-elementor-lightbox-title=\"wohnzimmer-mit-esstisch\" data-e-action-hash=\"#elementor-action%3Aaction%3Dlightbox%26settings%3DeyJpZCI6MTQ2LCJ1cmwiOiJodHRwczpcL1wvd3d3LmhhbGlyc2NoLWFocmVuc2hvb3AuZGVcL3dvcmRwcmVzc1wvd3AtY29udGVudFwvdXBsb2Fkc1wvMjAxOVwvMTJcL3dvaG56aW1tZXItbWl0LWVzc3Rpc2NoLTIuanBnIiwic2xpZGVzaG93IjoiNGQzMWE2OSJ9\" href='https:\/\/www.halirsch-ahrenshoop.de\/wordpress\/wp-content\/uploads\/2019\/12\/wohnzimmer-mit-esstisch-2.jpg'><img decoding=\"async\" width=\"150\" height=\"150\" src=\"https:\/\/www.halirsch-ahrenshoop.de\/wordpress\/wp-content\/uploads\/2019\/12\/wohnzimmer-mit-esstisch-2-150x150.jpg\" class=\"attachment-thumbnail size-thumbnail\" alt=\"\" \/><\/a>\n\t\t\t<\/div><\/figure><figure class='gallery-item'>\n\t\t\t<div class='gallery-icon landscape'>\n\t\t\t\t<a data-elementor-open-lightbox=\"yes\" data-elementor-lightbox-slideshow=\"4d31a69\" data-elementor-lightbox-title=\"westwohnung - kuechenzeile\" data-e-action-hash=\"#elementor-action%3Aaction%3Dlightbox%26settings%3DeyJpZCI6MzQ1LCJ1cmwiOiJodHRwczpcL1wvd3d3LmhhbGlyc2NoLWFocmVuc2hvb3AuZGVcL3dvcmRwcmVzc1wvd3AtY29udGVudFwvdXBsb2Fkc1wvMjAxOVwvMTJcL3dlc3R3b2hudW5nLWt1ZWNoZW56ZWlsZS5qcGciLCJzbGlkZXNob3ciOiI0ZDMxYTY5In0%3D\" href='https:\/\/www.halirsch-ahrenshoop.de\/wordpress\/wp-content\/uploads\/2019\/12\/westwohnung-kuechenzeile.jpg'><img loading=\"lazy\" decoding=\"async\" width=\"150\" height=\"150\" src=\"https:\/\/www.halirsch-ahrenshoop.de\/wordpress\/wp-content\/uploads\/2019\/12\/westwohnung-kuechenzeile-150x150.jpg\" class=\"attachment-thumbnail size-thumbnail\" alt=\"\" \/><\/a>\n\t\t\t<\/div><\/figure><figure class='gallery-item'>\n\t\t\t<div class='gallery-icon landscape'>\n\t\t\t\t<a data-elementor-open-lightbox=\"yes\" data-elementor-lightbox-slideshow=\"4d31a69\" data-elementor-lightbox-title=\"West-SZ2\" data-e-action-hash=\"#elementor-action%3Aaction%3Dlightbox%26settings%3DeyJpZCI6NDg2LCJ1cmwiOiJodHRwczpcL1wvd3d3LmhhbGlyc2NoLWFocmVuc2hvb3AuZGVcL3dvcmRwcmVzc1wvd3AtY29udGVudFwvdXBsb2Fkc1wvMjAyMFwvMDVcL1dlc3QtU1oyLXNjYWxlZC5qcGciLCJzbGlkZXNob3ciOiI0ZDMxYTY5In0%3D\" href='https:\/\/www.halirsch-ahrenshoop.de\/wordpress\/wp-content\/uploads\/2020\/05\/West-SZ2-scaled.jpg'><img loading=\"lazy\" decoding=\"async\" width=\"150\" height=\"150\" src=\"https:\/\/www.halirsch-ahrenshoop.de\/wordpress\/wp-content\/uploads\/2020\/05\/West-SZ2-150x150.jpg\" class=\"attachment-thumbnail size-thumbnail\" alt=\"\" \/><\/a>\n\t\t\t<\/div><\/figure><figure class='gallery-item'>\n\t\t\t<div class='gallery-icon landscape'>\n\t\t\t\t<a data-elementor-open-lightbox=\"yes\" data-elementor-lightbox-slideshow=\"4d31a69\" data-elementor-lightbox-title=\"West-SZ1\" data-e-action-hash=\"#elementor-action%3Aaction%3Dlightbox%26settings%3DeyJpZCI6NDg1LCJ1cmwiOiJodHRwczpcL1wvd3d3LmhhbGlyc2NoLWFocmVuc2hvb3AuZGVcL3dvcmRwcmVzc1wvd3AtY29udGVudFwvdXBsb2Fkc1wvMjAyMFwvMDVcL1dlc3QtU1oxLXNjYWxlZC5qcGciLCJzbGlkZXNob3ciOiI0ZDMxYTY5In0%3D\" href='https:\/\/www.halirsch-ahrenshoop.de\/wordpress\/wp-content\/uploads\/2020\/05\/West-SZ1-scaled.jpg'><img loading=\"lazy\" decoding=\"async\" width=\"150\" height=\"150\" src=\"https:\/\/www.halirsch-ahrenshoop.de\/wordpress\/wp-content\/uploads\/2020\/05\/West-SZ1-150x150.jpg\" class=\"attachment-thumbnail size-thumbnail\" alt=\"\" \/><\/a>\n\t\t\t<\/div><\/figure><figure class='gallery-item'>\n\t\t\t<div class='gallery-icon landscape'>\n\t\t\t\t<a data-elementor-open-lightbox=\"yes\" data-elementor-lightbox-slideshow=\"4d31a69\" data-elementor-lightbox-title=\"westwohnung - duschecke\" data-e-action-hash=\"#elementor-action%3Aaction%3Dlightbox%26settings%3DeyJpZCI6MzQ0LCJ1cmwiOiJodHRwczpcL1wvd3d3LmhhbGlyc2NoLWFocmVuc2hvb3AuZGVcL3dvcmRwcmVzc1wvd3AtY29udGVudFwvdXBsb2Fkc1wvMjAxOVwvMTJcL3dlc3R3b2hudW5nLWR1c2NoZWNrZS5qcGciLCJzbGlkZXNob3ciOiI0ZDMxYTY5In0%3D\" href='https:\/\/www.halirsch-ahrenshoop.de\/wordpress\/wp-content\/uploads\/2019\/12\/westwohnung-duschecke.jpg'><img loading=\"lazy\" decoding=\"async\" width=\"150\" height=\"150\" src=\"https:\/\/www.halirsch-ahrenshoop.de\/wordpress\/wp-content\/uploads\/2019\/12\/westwohnung-duschecke-150x150.jpg\" class=\"attachment-thumbnail size-thumbnail\" alt=\"\" \/><\/a>\n\t\t\t<\/div><\/figure><figure class='gallery-item'>\n\t\t\t<div class='gallery-icon landscape'>\n\t\t\t\t<a data-elementor-open-lightbox=\"yes\" data-elementor-lightbox-slideshow=\"4d31a69\" data-elementor-lightbox-title=\"West-SZ3\" data-e-action-hash=\"#elementor-action%3Aaction%3Dlightbox%26settings%3DeyJpZCI6NDg3LCJ1cmwiOiJodHRwczpcL1wvd3d3LmhhbGlyc2NoLWFocmVuc2hvb3AuZGVcL3dvcmRwcmVzc1wvd3AtY29udGVudFwvdXBsb2Fkc1wvMjAyMFwvMDVcL1dlc3QtU1ozLXNjYWxlZC5qcGciLCJzbGlkZXNob3ciOiI0ZDMxYTY5In0%3D\" href='https:\/\/www.halirsch-ahrenshoop.de\/wordpress\/wp-content\/uploads\/2020\/05\/West-SZ3-scaled.jpg'><img loading=\"lazy\" decoding=\"async\" width=\"150\" height=\"150\" src=\"https:\/\/www.halirsch-ahrenshoop.de\/wordpress\/wp-content\/uploads\/2020\/05\/West-SZ3-150x150.jpg\" class=\"attachment-thumbnail size-thumbnail\" alt=\"\" \/><\/a>\n\t\t\t<\/div><\/figure><figure class='gallery-item'>\n\t\t\t<div class='gallery-icon landscape'>\n\t\t\t\t<a data-elementor-open-lightbox=\"yes\" data-elementor-lightbox-slideshow=\"4d31a69\" data-elementor-lightbox-title=\"terrasse-zusammen-mit-der-ostwohnung\" data-e-action-hash=\"#elementor-action%3Aaction%3Dlightbox%26settings%3DeyJpZCI6MTQ0LCJ1cmwiOiJodHRwczpcL1wvd3d3LmhhbGlyc2NoLWFocmVuc2hvb3AuZGVcL3dvcmRwcmVzc1wvd3AtY29udGVudFwvdXBsb2Fkc1wvMjAxOVwvMTJcL3RlcnJhc3NlLXp1c2FtbWVuLW1pdC1kZXItb3N0d29obnVuZy5qcGciLCJzbGlkZXNob3ciOiI0ZDMxYTY5In0%3D\" href='https:\/\/www.halirsch-ahrenshoop.de\/wordpress\/wp-content\/uploads\/2019\/12\/terrasse-zusammen-mit-der-ostwohnung.jpg'><img loading=\"lazy\" decoding=\"async\" width=\"150\" height=\"150\" src=\"https:\/\/www.halirsch-ahrenshoop.de\/wordpress\/wp-content\/uploads\/2019\/12\/terrasse-zusammen-mit-der-ostwohnung-150x150.jpg\" class=\"attachment-thumbnail size-thumbnail\" alt=\"\" \/><\/a>\n\t\t\t<\/div><\/figure><figure class='gallery-item'>\n\t\t\t<div class='gallery-icon landscape'>\n\t\t\t\t<a data-elementor-open-lightbox=\"yes\" data-elementor-lightbox-slideshow=\"4d31a69\" data-elementor-lightbox-title=\"sauna-im-souterrain-fuer-alle-4-ferienwohnungen\" data-e-action-hash=\"#elementor-action%3Aaction%3Dlightbox%26settings%3DeyJpZCI6MzQyLCJ1cmwiOiJodHRwczpcL1wvd3d3LmhhbGlyc2NoLWFocmVuc2hvb3AuZGVcL3dvcmRwcmVzc1wvd3AtY29udGVudFwvdXBsb2Fkc1wvMjAxOVwvMTJcL3NhdW5hLWltLXNvdXRlcnJhaW4tZnVlci1hbGxlLTQtZmVyaWVud29obnVuZ2VuLmpwZyIsInNsaWRlc2hvdyI6IjRkMzFhNjkifQ%3D%3D\" href='https:\/\/www.halirsch-ahrenshoop.de\/wordpress\/wp-content\/uploads\/2019\/12\/sauna-im-souterrain-fuer-alle-4-ferienwohnungen.jpg'><img loading=\"lazy\" decoding=\"async\" width=\"150\" height=\"150\" src=\"https:\/\/www.halirsch-ahrenshoop.de\/wordpress\/wp-content\/uploads\/2019\/12\/sauna-im-souterrain-fuer-alle-4-ferienwohnungen-150x150.jpg\" class=\"attachment-thumbnail size-thumbnail\" alt=\"\" \/><\/a>\n\t\t\t<\/div><\/figure><figure class='gallery-item'>\n\t\t\t<div class='gallery-icon landscape'>\n\t\t\t\t<a data-elementor-open-lightbox=\"yes\" data-elementor-lightbox-slideshow=\"4d31a69\" data-elementor-lightbox-title=\"sauna-jeweils-von-einer-ferienwohnung-nutzbar\" data-e-action-hash=\"#elementor-action%3Aaction%3Dlightbox%26settings%3DeyJpZCI6MzQzLCJ1cmwiOiJodHRwczpcL1wvd3d3LmhhbGlyc2NoLWFocmVuc2hvb3AuZGVcL3dvcmRwcmVzc1wvd3AtY29udGVudFwvdXBsb2Fkc1wvMjAxOVwvMTJcL3NhdW5hLWpld2VpbHMtdm9uLWVpbmVyLWZlcmllbndvaG51bmctbnV0emJhci5qcGciLCJzbGlkZXNob3ciOiI0ZDMxYTY5In0%3D\" href='https:\/\/www.halirsch-ahrenshoop.de\/wordpress\/wp-content\/uploads\/2019\/12\/sauna-jeweils-von-einer-ferienwohnung-nutzbar.jpg'><img loading=\"lazy\" decoding=\"async\" width=\"150\" height=\"150\" src=\"https:\/\/www.halirsch-ahrenshoop.de\/wordpress\/wp-content\/uploads\/2019\/12\/sauna-jeweils-von-einer-ferienwohnung-nutzbar-150x150.jpg\" class=\"attachment-thumbnail size-thumbnail\" alt=\"\" \/><\/a>\n\t\t\t<\/div><\/figure>\n\t\t<\/div>\n\t\t<\/div>\n\t\t\t\t\t\t<\/div>\n\t\t\t\t<\/div>\n\t\t\t\t\t<\/div>\n\t\t<\/div>\n\t\t\t\t<div class=\"elementor-column elementor-col-50 elementor-top-column elementor-element elementor-element-8d2a78f\" data-id=\"8d2a78f\" data-element_type=\"column\" data-e-type=\"column\">\n\t\t\t<div class=\"elementor-widget-wrap\">\n\t\t\t\t\t\t\t<\/div>\n\t\t<\/div>\n\t\t\t\t\t<\/div>\n\t\t<\/section>\n\t\t\t\t<section class=\"elementor-section elementor-top-section elementor-element elementor-element-c7ec435 elementor-section-boxed elementor-section-height-default elementor-section-height-default\" data-id=\"c7ec435\" data-element_type=\"section\" data-e-type=\"section\">\n\t\t\t\t\t\t<div class=\"elementor-container elementor-column-gap-default\">\n\t\t\t\t\t<div class=\"elementor-column elementor-col-50 elementor-top-column elementor-element elementor-element-a917c47\" data-id=\"a917c47\" data-element_type=\"column\" data-e-type=\"column\">\n\t\t\t<div class=\"elementor-widget-wrap elementor-element-populated\">\n\t\t\t\t\t\t<div class=\"elementor-element elementor-element-54c73db elementor-align-center elementor-hidden-desktop elementor-widget elementor-widget-button\" data-id=\"54c73db\" data-element_type=\"widget\" data-e-type=\"widget\" data-widget_type=\"button.default\">\n\t\t\t\t<div class=\"elementor-widget-container\">\n\t\t\t\t\t\t\t\t\t<div class=\"elementor-button-wrapper\">\n\t\t\t\t\t<a class=\"elementor-button elementor-button-link elementor-size-md\" href=\"http:\/\/www.halirsch-ahrenshoop.de\/?page_id=31\">\n\t\t\t\t\t\t<span class=\"elementor-button-content-wrapper\">\n\t\t\t\t\t\t\t\t\t<span class=\"elementor-button-text\">zu den Preisen<\/span>\n\t\t\t\t\t<\/span>\n\t\t\t\t\t<\/a>\n\t\t\t\t<\/div>\n\t\t\t\t\t\t\t\t<\/div>\n\t\t\t\t<\/div>\n\t\t\t\t\t<\/div>\n\t\t<\/div>\n\t\t\t\t<div class=\"elementor-column elementor-col-50 elementor-top-column elementor-element elementor-element-bd36ef8\" data-id=\"bd36ef8\" data-element_type=\"column\" data-e-type=\"column\">\n\t\t\t<div class=\"elementor-widget-wrap elementor-element-populated\">\n\t\t\t\t\t\t<div class=\"elementor-element elementor-element-21b17cc elementor-align-center elementor-hidden-desktop elementor-widget elementor-widget-button\" data-id=\"21b17cc\" data-element_type=\"widget\" data-e-type=\"widget\" data-widget_type=\"button.default\">\n\t\t\t\t<div class=\"elementor-widget-container\">\n\t\t\t\t\t\t\t\t\t<div class=\"elementor-button-wrapper\">\n\t\t\t\t\t<a class=\"elementor-button elementor-button-link elementor-size-md\" href=\"http:\/\/www.halirsch-ahrenshoop.de\/?page_id=38\">\n\t\t\t\t\t\t<span class=\"elementor-button-content-wrapper\">\n\t\t\t\t\t\t\t\t\t<span class=\"elementor-button-text\">jetzt reservieren<\/span>\n\t\t\t\t\t<\/span>\n\t\t\t\t\t<\/a>\n\t\t\t\t<\/div>\n\t\t\t\t\t\t\t\t<\/div>\n\t\t\t\t<\/div>\n\t\t\t\t\t<\/div>\n\t\t<\/div>\n\t\t\t\t\t<\/div>\n\t\t<\/section>\n\t\t\t\t<\/div>\n\t\t","protected":false},"excerpt":{"rendered":"<p>Westwohnung &gt; Maisonettewohnung \u00fcber 2 Etagen &gt; Wohnzimmer mit K\u00fcchen- und Essecke &lt; SAT &#8211; TV, CD &#8211; Radio, WLAN &gt; K\u00fcchenecke mit &nbsp; &nbsp; &nbsp; &gt; Cerankochfeld (2 Platten) &nbsp; &nbsp; &nbsp; &gt; K\u00fchlschrank (kleines Gefrierfach) &nbsp; &nbsp; &nbsp; &gt; Kaffeemaschine &nbsp; &nbsp; &nbsp; &gt; Toaster &nbsp; &nbsp; &nbsp; &gt; Wasserkocher &gt; Schlafzimmer f\u00fcr [&hellip;]<\/p>\n","protected":false},"author":1,"featured_media":0,"parent":0,"menu_order":0,"comment_status":"closed","ping_status":"closed","template":"elementor_header_footer","meta":{"footnotes":""},"class_list":["post-136","page","type-page","status-publish","hentry","entry"],"_links":{"self":[{"href":"https:\/\/www.halirsch-ahrenshoop.de\/index.php?rest_route=\/wp\/v2\/pages\/136","targetHints":{"allow":["GET"]}}],"collection":[{"href":"https:\/\/www.halirsch-ahrenshoop.de\/index.php?rest_route=\/wp\/v2\/pages"}],"about":[{"href":"https:\/\/www.halirsch-ahrenshoop.de\/index.php?rest_route=\/wp\/v2\/types\/page"}],"author":[{"embeddable":true,"href":"https:\/\/www.halirsch-ahrenshoop.de\/index.php?rest_route=\/wp\/v2\/users\/1"}],"replies":[{"embeddable":true,"href":"https:\/\/www.halirsch-ahrenshoop.de\/index.php?rest_route=%2Fwp%2Fv2%2Fcomments&post=136"}],"version-history":[{"count":35,"href":"https:\/\/www.halirsch-ahrenshoop.de\/index.php?rest_route=\/wp\/v2\/pages\/136\/revisions"}],"predecessor-version":[{"id":598,"href":"https:\/\/www.halirsch-ahrenshoop.de\/index.php?rest_route=\/wp\/v2\/pages\/136\/revisions\/598"}],"wp:attachment":[{"href":"https:\/\/www.halirsch-ahrenshoop.de\/index.php?rest_route=%2Fwp%2Fv2%2Fmedia&parent=136"}],"curies":[{"name":"wp","href":"https:\/\/api.w.org\/{rel}","templated":true}]}}